{"id":2521,"date":"2020-05-21T14:23:44","date_gmt":"2020-05-21T12:23:44","guid":{"rendered":"https:\/\/daycrunch.ch\/daycrunch_website\/?page_id=2521"},"modified":"2020-06-11T14:53:30","modified_gmt":"2020-06-11T12:53:30","slug":"bueroflaeche-angebot-fordern","status":"publish","type":"page","link":"https:\/\/daycrunch.ch\/de\/bueroflaeche-angebot-fordern\/","title":{"rendered":"B\u00fcrofl\u00e4che Angebot Fordern"},"content":{"rendered":"<p><div class=\"fusion-fullwidth fullwidth-box fusion-builder-row-1 nonhundred-percent-fullwidth non-hundred-percent-height-scrolling\" style=\"--awb-border-radius-top-left:0px;--awb-border-radius-top-right:0px;--awb-border-radius-bottom-right:0px;--awb-border-radius-bottom-left:0px;--awb-flex-wrap:wrap;\" ><div class=\"fusion-builder-row fusion-row\"><div class=\"fusion-layout-column fusion_builder_column fusion-builder-column-0 fusion_builder_column_1_1 1_1 fusion-one-full fusion-column-first fusion-column-last\" style=\"--awb-bg-size:cover;\"><div class=\"fusion-column-wrapper fusion-column-has-shadow fusion-flex-column-wrapper-legacy\"><div class=\"fusion-text fusion-text-1\"><h1 class=\"fusion-responsive-typography-calculated\" style=\"--fontsize: 60; line-height: 1.16;\" data-fontsize=\"60\" data-lineheight=\"69.6px\">B\u00fcrofl\u00e4che <span style=\"color: #01b8ca;\">Angebotsanfrage<br \/>\n<\/span><\/h1>\n<\/div><div class=\"fusion-clearfix\"><\/div><\/div><\/div><div class=\"fusion-layout-column fusion_builder_column fusion-builder-column-1 fusion_builder_column_1_1 1_1 fusion-one-full fusion-column-first fusion-column-last\" style=\"--awb-bg-size:cover;--awb-margin-top:0px;--awb-margin-bottom:0px;\"><div class=\"fusion-column-wrapper fusion-flex-column-wrapper-legacy\"><div class=\"fusion-text fusion-text-2\"><p>&nbsp;<\/p>\n<\/div>\n<div class=\"wpcf7 no-js\" id=\"wpcf7-f2520-o1\" lang=\"\" dir=\"ltr\" data-wpcf7-id=\"2520\">\n<div class=\"screen-reader-response\"><p role=\"status\" aria-live=\"polite\" aria-atomic=\"true\"><\/p> <ul><\/ul><\/div>\n<form action=\"\/de\/wp-json\/wp\/v2\/pages\/2521#wpcf7-f2520-o1\" method=\"post\" class=\"wpcf7-form init\" aria-label=\"Kontaktformular\" novalidate=\"novalidate\" data-status=\"init\">\n<fieldset class=\"hidden-fields-container\"><input type=\"hidden\" name=\"_wpcf7\" value=\"2520\" \/><input type=\"hidden\" name=\"_wpcf7_version\" value=\"6.1.4\" \/><input type=\"hidden\" name=\"_wpcf7_locale\" value=\"\" \/><input type=\"hidden\" name=\"_wpcf7_unit_tag\" value=\"wpcf7-f2520-o1\" \/><input type=\"hidden\" name=\"_wpcf7_container_post\" value=\"0\" \/><input type=\"hidden\" name=\"_wpcf7_posted_data_hash\" value=\"\" \/>\n<\/fieldset>\n<p><label> Firma<br \/>\n<span class=\"wpcf7-form-control-wrap\" data-name=\"office\"><input size=\"40\" maxlength=\"400\" class=\"wpcf7-form-control wpcf7-text\" aria-invalid=\"false\" value=\"\" type=\"text\" name=\"office\" \/><\/span> <\/label>\n<\/p>\n<p><label> Anzahl Arbeitspl\u00e4tze (required)<br \/>\n<span class=\"wpcf7-form-control-wrap\" data-name=\"workpoints\"><input size=\"40\" maxlength=\"400\" class=\"wpcf7-form-control wpcf7-text wpcf7-validates-as-required\" aria-required=\"true\" aria-invalid=\"false\" value=\"\" type=\"text\" name=\"workpoints\" \/><\/span> <\/label>\n<\/p>\n<p>Dienstleistung<br \/>\n<span class=\"wpcf7-form-control-wrap\" data-name=\"checkbox-919\"><span class=\"wpcf7-form-control wpcf7-checkbox wpcf7-validates-as-required\"><span class=\"wpcf7-list-item first\"><input type=\"checkbox\" name=\"checkbox-919[]\" value=\"Reine B\u00fcrofl\u00e4che\" \/><span class=\"wpcf7-list-item-label\">Reine B\u00fcrofl\u00e4che<\/span><\/span><span class=\"wpcf7-list-item\"><input type=\"checkbox\" name=\"checkbox-919[]\" value=\"Smart (Reine B\u00fcrofl\u00e4che + digitale Dienste)\" \/><span class=\"wpcf7-list-item-label\">Smart (Reine B\u00fcrofl\u00e4che + digitale Dienste)<\/span><\/span><span class=\"wpcf7-list-item last\"><input type=\"checkbox\" name=\"checkbox-919[]\" value=\"Performance (Smart + Mobiliert mit voller Dienstleistung)\" \/><span class=\"wpcf7-list-item-label\">Performance (Smart + Mobiliert mit voller Dienstleistung)<\/span><\/span><\/span><\/span>\n<\/p>\n<p>Maximale Dauer, auf die Sie sich festlegen k\u00f6nnen<br \/>\n<span class=\"wpcf7-form-control-wrap\" data-name=\"radio-846\"><span class=\"wpcf7-form-control wpcf7-radio\"><span class=\"wpcf7-list-item first\"><input type=\"radio\" name=\"radio-846\" value=\"Ein Monat\" \/><span class=\"wpcf7-list-item-label\">Ein Monat<\/span><\/span><span class=\"wpcf7-list-item\"><input type=\"radio\" name=\"radio-846\" value=\"Sechs Monate\" \/><span class=\"wpcf7-list-item-label\">Sechs Monate<\/span><\/span><span class=\"wpcf7-list-item\"><input type=\"radio\" name=\"radio-846\" value=\"Ein Jahr\" checked=\"checked\" \/><span class=\"wpcf7-list-item-label\">Ein Jahr<\/span><\/span><span class=\"wpcf7-list-item\"><input type=\"radio\" name=\"radio-846\" value=\"Zwei Jahre\" \/><span class=\"wpcf7-list-item-label\">Zwei Jahre<\/span><\/span><span class=\"wpcf7-list-item\"><input type=\"radio\" name=\"radio-846\" value=\"Drei Jahre\" \/><span class=\"wpcf7-list-item-label\">Drei Jahre<\/span><\/span><span class=\"wpcf7-list-item\"><input type=\"radio\" name=\"radio-846\" value=\"Vier Jahre\" \/><span class=\"wpcf7-list-item-label\">Vier Jahre<\/span><\/span><span class=\"wpcf7-list-item last\"><input type=\"radio\" name=\"radio-846\" value=\"F\u00fcnf Jahre\" \/><span class=\"wpcf7-list-item-label\">F\u00fcnf Jahre<\/span><\/span><\/span><\/span>\n<\/p>\n<p><label> Ihr Name (Pflichtfeld)<br \/>\n<span class=\"wpcf7-form-control-wrap\" data-name=\"your-name\"><input size=\"40\" maxlength=\"400\" class=\"wpcf7-form-control wpcf7-text wpcf7-validates-as-required\" aria-required=\"true\" aria-invalid=\"false\" value=\"\" type=\"text\" name=\"your-name\" \/><\/span> <\/label>\n<\/p>\n<p><label> Ihre E-Mail-Adresse (Pflichtfeld)<br \/>\n<span class=\"wpcf7-form-control-wrap\" data-name=\"your-email\"><input size=\"40\" maxlength=\"400\" class=\"wpcf7-form-control wpcf7-email wpcf7-validates-as-required wpcf7-text wpcf7-validates-as-email\" aria-required=\"true\" aria-invalid=\"false\" value=\"\" type=\"email\" name=\"your-email\" \/><\/span> <\/label>\n<\/p>\n<p><label> Ihre Telefonnummer (Pflichtfeld)<br \/>\n<span class=\"wpcf7-form-control-wrap\" data-name=\"tel-250\"><input size=\"40\" maxlength=\"400\" class=\"wpcf7-form-control wpcf7-tel wpcf7-validates-as-required wpcf7-text wpcf7-validates-as-tel\" aria-required=\"true\" aria-invalid=\"false\" value=\"\" type=\"tel\" name=\"tel-250\" \/><\/span><\/label>\n<\/p>\n<p><label> Ihre Anforderungen<br \/>\n<span class=\"wpcf7-form-control-wrap\" data-name=\"your-message\"><textarea cols=\"40\" rows=\"10\" maxlength=\"2000\" class=\"wpcf7-form-control wpcf7-textarea\" aria-invalid=\"false\" name=\"your-message\"><\/textarea><\/span> <\/label>\n<\/p>\n<p><input class=\"wpcf7-form-control wpcf7-submit has-spinner\" type=\"submit\" value=\"Send\" \/>\n<\/p><div class=\"fusion-alert alert custom alert-custom fusion-alert-center wpcf7-response-output fusion-alert-capitalize awb-alert-native-link-color alert-dismissable awb-alert-close-boxed\" style=\"--awb-border-top-left-radius:0px;--awb-border-top-right-radius:0px;--awb-border-bottom-left-radius:0px;--awb-border-bottom-right-radius:0px;\" role=\"alert\"><div class=\"fusion-alert-content-wrapper\"><span class=\"fusion-alert-content\"><\/span><\/div><button type=\"button\" class=\"close toggle-alert\" data-dismiss=\"alert\" aria-label=\"Close\">&times;<\/button><\/div>\n<\/form>\n<\/div>\n<div class=\"fusion-clearfix\"><\/div><\/div><\/div><\/div><\/div><div class=\"fusion-fullwidth fullwidth-box fusion-builder-row-2 nonhundred-percent-fullwidth non-hundred-percent-height-scrolling\" style=\"--awb-border-radius-top-left:0px;--awb-border-radius-top-right:0px;--awb-border-radius-bottom-right:0px;--awb-border-radius-bottom-left:0px;--awb-flex-wrap:wrap;\" ><div class=\"fusion-builder-row fusion-row\"><\/div><\/div><\/p>\n","protected":false},"excerpt":{"rendered":"","protected":false},"author":5,"featured_media":0,"parent":0,"menu_order":0,"comment_status":"closed","ping_status":"closed","template":"","meta":{"inline_featured_image":false,"footnotes":""},"class_list":["post-2521","page","type-page","status-publish","hentry"],"yoast_head":"<!-- This site is optimized with the Yoast SEO plugin v26.8 - https:\/\/yoast.com\/product\/yoast-seo-wordpress\/ -->\n<title>Co-Working oder separate B\u00fcrofl\u00e4che - Kontakt mit - daycrunch.ch<\/title>\n<meta name=\"description\" content=\"Nehmen Sie mit uns Kontakt auf, wenn Sie an B\u00fcror\u00e4umlichkeiten Region Z\u00fcrich Flughafen interessiert sind. Wir bearaten Sie gerne.\" \/>\n<meta name=\"robots\" content=\"index, follow, max-snippet:-1, max-image-preview:large, max-video-preview:-1\" \/>\n<link rel=\"canonical\" href=\"https:\/\/daycrunch.ch\/de\/bueroflaeche-angebot-fordern\/\" \/>\n<meta property=\"og:locale\" content=\"de_DE\" \/>\n<meta property=\"og:type\" content=\"article\" \/>\n<meta property=\"og:title\" content=\"Co-Working oder separate B\u00fcrofl\u00e4che - Kontakt mit - daycrunch.ch\" \/>\n<meta property=\"og:description\" content=\"Nehmen Sie mit uns Kontakt auf, wenn Sie an B\u00fcror\u00e4umlichkeiten Region Z\u00fcrich Flughafen interessiert sind. Wir bearaten Sie gerne.\" \/>\n<meta property=\"og:url\" content=\"https:\/\/daycrunch.ch\/de\/bueroflaeche-angebot-fordern\/\" \/>\n<meta property=\"og:site_name\" content=\"daycrunch.ch\" \/>\n<meta property=\"article:modified_time\" content=\"2020-06-11T12:53:30+00:00\" \/>\n<meta name=\"twitter:card\" content=\"summary_large_image\" \/>\n<meta name=\"twitter:label1\" content=\"Gesch\u00e4tzte Lesezeit\" \/>\n\t<meta name=\"twitter:data1\" content=\"3\u00a0Minuten\" \/>\n<script type=\"application\/ld+json\" class=\"yoast-schema-graph\">{\"@context\":\"https:\/\/schema.org\",\"@graph\":[{\"@type\":\"WebPage\",\"@id\":\"https:\/\/daycrunch.ch\/de\/bueroflaeche-angebot-fordern\/\",\"url\":\"https:\/\/daycrunch.ch\/de\/bueroflaeche-angebot-fordern\/\",\"name\":\"Co-Working oder separate B\u00fcrofl\u00e4che - Kontakt mit - daycrunch.ch\",\"isPartOf\":{\"@id\":\"https:\/\/daycrunch.ch\/de\/#website\"},\"datePublished\":\"2020-05-21T12:23:44+00:00\",\"dateModified\":\"2020-06-11T12:53:30+00:00\",\"description\":\"Nehmen Sie mit uns Kontakt auf, wenn Sie an B\u00fcror\u00e4umlichkeiten Region Z\u00fcrich Flughafen interessiert sind. Wir bearaten Sie gerne.\",\"breadcrumb\":{\"@id\":\"https:\/\/daycrunch.ch\/de\/bueroflaeche-angebot-fordern\/#breadcrumb\"},\"inLanguage\":\"de\",\"potentialAction\":[{\"@type\":\"ReadAction\",\"target\":[\"https:\/\/daycrunch.ch\/de\/bueroflaeche-angebot-fordern\/\"]}]},{\"@type\":\"BreadcrumbList\",\"@id\":\"https:\/\/daycrunch.ch\/de\/bueroflaeche-angebot-fordern\/#breadcrumb\",\"itemListElement\":[{\"@type\":\"ListItem\",\"position\":1,\"name\":\"Startseite\",\"item\":\"https:\/\/daycrunch.ch\/de\/\"},{\"@type\":\"ListItem\",\"position\":2,\"name\":\"B\u00fcrofl\u00e4che Angebot Fordern\"}]},{\"@type\":\"WebSite\",\"@id\":\"https:\/\/daycrunch.ch\/de\/#website\",\"url\":\"https:\/\/daycrunch.ch\/de\/\",\"name\":\"daycrunch.ch\",\"description\":\"Clean Untertitel\",\"publisher\":{\"@id\":\"https:\/\/daycrunch.ch\/de\/#organization\"},\"potentialAction\":[{\"@type\":\"SearchAction\",\"target\":{\"@type\":\"EntryPoint\",\"urlTemplate\":\"https:\/\/daycrunch.ch\/de\/?s={search_term_string}\"},\"query-input\":{\"@type\":\"PropertyValueSpecification\",\"valueRequired\":true,\"valueName\":\"search_term_string\"}}],\"inLanguage\":\"de\"},{\"@type\":\"Organization\",\"@id\":\"https:\/\/daycrunch.ch\/de\/#organization\",\"name\":\"daycrunch\",\"url\":\"https:\/\/daycrunch.ch\/de\/\",\"logo\":{\"@type\":\"ImageObject\",\"inLanguage\":\"de\",\"@id\":\"https:\/\/daycrunch.ch\/de\/#\/schema\/logo\/image\/\",\"url\":\"https:\/\/daycrunch.ch\/daycrunch_website\/wp-content\/uploads\/2020\/03\/daycrunchlogo-wide-retina.png\",\"contentUrl\":\"https:\/\/daycrunch.ch\/daycrunch_website\/wp-content\/uploads\/2020\/03\/daycrunchlogo-wide-retina.png\",\"width\":509,\"height\":100,\"caption\":\"daycrunch\"},\"image\":{\"@id\":\"https:\/\/daycrunch.ch\/de\/#\/schema\/logo\/image\/\"}}]}<\/script>\n<!-- \/ Yoast SEO plugin. -->","yoast_head_json":{"title":"Co-Working oder separate B\u00fcrofl\u00e4che - Kontakt mit - daycrunch.ch","description":"Nehmen Sie mit uns Kontakt auf, wenn Sie an B\u00fcror\u00e4umlichkeiten Region Z\u00fcrich Flughafen interessiert sind. Wir bearaten Sie gerne.","robots":{"index":"index","follow":"follow","max-snippet":"max-snippet:-1","max-image-preview":"max-image-preview:large","max-video-preview":"max-video-preview:-1"},"canonical":"https:\/\/daycrunch.ch\/de\/bueroflaeche-angebot-fordern\/","og_locale":"de_DE","og_type":"article","og_title":"Co-Working oder separate B\u00fcrofl\u00e4che - Kontakt mit - daycrunch.ch","og_description":"Nehmen Sie mit uns Kontakt auf, wenn Sie an B\u00fcror\u00e4umlichkeiten Region Z\u00fcrich Flughafen interessiert sind. Wir bearaten Sie gerne.","og_url":"https:\/\/daycrunch.ch\/de\/bueroflaeche-angebot-fordern\/","og_site_name":"daycrunch.ch","article_modified_time":"2020-06-11T12:53:30+00:00","twitter_card":"summary_large_image","twitter_misc":{"Gesch\u00e4tzte Lesezeit":"3\u00a0Minuten"},"schema":{"@context":"https:\/\/schema.org","@graph":[{"@type":"WebPage","@id":"https:\/\/daycrunch.ch\/de\/bueroflaeche-angebot-fordern\/","url":"https:\/\/daycrunch.ch\/de\/bueroflaeche-angebot-fordern\/","name":"Co-Working oder separate B\u00fcrofl\u00e4che - Kontakt mit - daycrunch.ch","isPartOf":{"@id":"https:\/\/daycrunch.ch\/de\/#website"},"datePublished":"2020-05-21T12:23:44+00:00","dateModified":"2020-06-11T12:53:30+00:00","description":"Nehmen Sie mit uns Kontakt auf, wenn Sie an B\u00fcror\u00e4umlichkeiten Region Z\u00fcrich Flughafen interessiert sind. Wir bearaten Sie gerne.","breadcrumb":{"@id":"https:\/\/daycrunch.ch\/de\/bueroflaeche-angebot-fordern\/#breadcrumb"},"inLanguage":"de","potentialAction":[{"@type":"ReadAction","target":["https:\/\/daycrunch.ch\/de\/bueroflaeche-angebot-fordern\/"]}]},{"@type":"BreadcrumbList","@id":"https:\/\/daycrunch.ch\/de\/bueroflaeche-angebot-fordern\/#breadcrumb","itemListElement":[{"@type":"ListItem","position":1,"name":"Startseite","item":"https:\/\/daycrunch.ch\/de\/"},{"@type":"ListItem","position":2,"name":"B\u00fcrofl\u00e4che Angebot Fordern"}]},{"@type":"WebSite","@id":"https:\/\/daycrunch.ch\/de\/#website","url":"https:\/\/daycrunch.ch\/de\/","name":"daycrunch.ch","description":"Clean Untertitel","publisher":{"@id":"https:\/\/daycrunch.ch\/de\/#organization"},"potentialAction":[{"@type":"SearchAction","target":{"@type":"EntryPoint","urlTemplate":"https:\/\/daycrunch.ch\/de\/?s={search_term_string}"},"query-input":{"@type":"PropertyValueSpecification","valueRequired":true,"valueName":"search_term_string"}}],"inLanguage":"de"},{"@type":"Organization","@id":"https:\/\/daycrunch.ch\/de\/#organization","name":"daycrunch","url":"https:\/\/daycrunch.ch\/de\/","logo":{"@type":"ImageObject","inLanguage":"de","@id":"https:\/\/daycrunch.ch\/de\/#\/schema\/logo\/image\/","url":"https:\/\/daycrunch.ch\/daycrunch_website\/wp-content\/uploads\/2020\/03\/daycrunchlogo-wide-retina.png","contentUrl":"https:\/\/daycrunch.ch\/daycrunch_website\/wp-content\/uploads\/2020\/03\/daycrunchlogo-wide-retina.png","width":509,"height":100,"caption":"daycrunch"},"image":{"@id":"https:\/\/daycrunch.ch\/de\/#\/schema\/logo\/image\/"}}]}},"_links":{"self":[{"href":"https:\/\/daycrunch.ch\/de\/wp-json\/wp\/v2\/pages\/2521","targetHints":{"allow":["GET"]}}],"collection":[{"href":"https:\/\/daycrunch.ch\/de\/wp-json\/wp\/v2\/pages"}],"about":[{"href":"https:\/\/daycrunch.ch\/de\/wp-json\/wp\/v2\/types\/page"}],"author":[{"embeddable":true,"href":"https:\/\/daycrunch.ch\/de\/wp-json\/wp\/v2\/users\/5"}],"replies":[{"embeddable":true,"href":"https:\/\/daycrunch.ch\/de\/wp-json\/wp\/v2\/comments?post=2521"}],"version-history":[{"count":7,"href":"https:\/\/daycrunch.ch\/de\/wp-json\/wp\/v2\/pages\/2521\/revisions"}],"predecessor-version":[{"id":3143,"href":"https:\/\/daycrunch.ch\/de\/wp-json\/wp\/v2\/pages\/2521\/revisions\/3143"}],"wp:attachment":[{"href":"https:\/\/daycrunch.ch\/de\/wp-json\/wp\/v2\/media?parent=2521"}],"curies":[{"name":"wp","href":"https:\/\/api.w.org\/{rel}","templated":true}]}}