{"id":273,"date":"2019-11-25T13:28:50","date_gmt":"2019-11-25T12:28:50","guid":{"rendered":"https:\/\/daycrunch.ch\/daycrunch_website\/?page_id=273"},"modified":"2025-08-31T12:51:27","modified_gmt":"2025-08-31T10:51:27","slug":"agb","status":"publish","type":"page","link":"https:\/\/daycrunch.ch\/de\/agb\/","title":{"rendered":"AGB"},"content":{"rendered":"<div class=\"fusion-fullwidth fullwidth-box fusion-builder-row-1 nonhundred-percent-fullwidth non-hundred-percent-height-scrolling\" style=\"--awb-border-radius-top-left:0px;--awb-border-radius-top-right:0px;--awb-border-radius-bottom-right:0px;--awb-border-radius-bottom-left:0px;--awb-padding-top:0px;--awb-padding-bottom:60px;--awb-flex-wrap:wrap;\" ><div class=\"fusion-builder-row fusion-row\"><div class=\"fusion-layout-column fusion_builder_column fusion-builder-column-0 fusion_builder_column_1_1 1_1 fusion-one-full fusion-column-first fusion-column-last\" style=\"--awb-bg-size:cover;\"><div class=\"fusion-column-wrapper fusion-column-has-shadow fusion-flex-column-wrapper-legacy\"><div class=\"fusion-text fusion-text-1\"><h1 class=\"fusion-responsive-typography-calculated\" style=\"--fontsize: 60; line-height: 1.16;\" data-fontsize=\"60\" data-lineheight=\"69.6px\">Allgemeine Gesch\u00e4ftsbedingungen<\/h1>\n<\/div><div class=\"fusion-clearfix\"><\/div><\/div><\/div><div class=\"fusion-layout-column fusion_builder_column fusion-builder-column-1 fusion_builder_column_1_1 1_1 fusion-one-full fusion-column-first fusion-column-last\" style=\"--awb-bg-size:cover;--awb-margin-top:0px;--awb-margin-bottom:0px;\"><div class=\"fusion-column-wrapper fusion-flex-column-wrapper-legacy\"><div class=\"fusion-text fusion-text-2\"><p><b>1. Allgemeines<\/b><\/p>\n<p>daycrunch ist eine Dienstleistung, die von Performance Buildings AG, Regensdorf (hernach PB), erbracht wird.<\/p>\n<p>Diese Allgemeinen Gesch\u00e4ftsbedingungen regeln die Rechte und Pflichten von PB und von Nutzern der Dienstleistung im Zusammenhang mit den von PB erbrachten Leistungen gegen\u00fcber ihren Kunden.<\/p>\n<p>Von diesen Allgemeinen Gesch\u00e4ftsbedingungen abweichende Vereinbarungen bed\u00fcrfen zu ihrer G\u00fcltigkeit der Schriftform.<\/p>\n<p><b>2. Vertragsabschluss<\/b><\/p>\n<p>Ein Nutzungsvertrag (kurz Vertrag) unter Verwendung dieser Allgemeinen Gesch\u00e4ftsbedingungen kommt zustande mit der Buchung eines Konferenzzimmers oder Arbeitsplatzes \u00fcber daycrunch.ch und entsprechender Best\u00e4tigung durch PB oder mit der Buchung von dedizierten Arbeitspl\u00e4tzen, B\u00fcros oder Konferenzr\u00e4umen \u00fcber eine schriftliche Servicevereinbarung oder die daycrunch-Plattform mit Best\u00e4tigung durch PB.<\/p>\n<p>Vertragspartner sind die Performance Buildings AG mit Sitz in Regensdorf und der Kunde.<\/p>\n<p><b>3. Gegenstand der Vereinbarung<\/b><\/p>\n<p>PB verpflichtet sich, das vom Kunden gebuchte Konferenzzimmer nach Massgabe dieser allgemeinen Gesch\u00e4ftsbedingungen bereitzuhalten und die vereinbarten Leistungen zu erbringen.<\/p>\n<p>Der Kunde verpflichtet sich, die f\u00fcr die Konferenzzimmer\u00fcberlassung und die von ihm in Anspruch genommenen weiteren Leistungen geltenden bzw. vereinbarten Preise von PB zu zahlen. Dies gilt auch f\u00fcr vom Kunden veranlasste Leistungen und Auslagen von PB gegen\u00fcber Dritten.<\/p>\n<p><b>4. Die Leistungen von PB<\/b><\/p>\n<p>PB erkl\u00e4rt sich damit einverstanden, w\u00e4hrend der normalen Gesch\u00e4ftszeiten Konferenzr\u00e4ume einschliesslich WCs auf einer ad hoc-Basis zur Verf\u00fcgung zu stellen.<\/p>\n<p>PB hat das Recht, die Bereitstellung seiner angebotenen Leistungen aus Gr\u00fcnden von politischen Unruhen, Streiks oder sonstigen Ereignissen jenseits seiner angemessenen Kontrolle sowie aufgrund von technischen Ursachen vor\u00fcbergehend aufzuheben.<\/p>\n<p>Die Verwendung des Namens daycrunch in Zusammenhang mit dem Gesch\u00e4ft des Kunden, gleich auf welche Art, ist nicht gestattet. Ebenso ist es dem Kunden nicht erlaubt, die Adresse des daycrunch-Standorts f\u00fcr seine Gesch\u00e4ftszwecke ohne ausdr\u00fcckliche schriftliche Zustimmung von PB zu verwenden.<\/p>\n<p><b>5. Rechte und Pflichten des Kunden<\/b><\/p>\n<p>Der Kunde ist berechtigt, die gebuchten R\u00e4umlichkeiten ausschliesslich als B\u00fcror\u00e4ume zu nutzen.<\/p>\n<p>Der Kunde ist nicht berechtigt,<\/p>\n<ul>\n<li>die Rechte von PB an den R\u00e4umlichkeiten zu behindern oder zu verunm\u00f6glichen,<\/li>\n<li>die R\u00e4umlichkeiten anderweitig zu nutzen als zur Aus\u00fcbung des Gesch\u00e4fts des Kunden bzw. als vereinbart. Der Kunde hat keinerlei Recht zu irgendwelchen unerlaubten Handlungen im Zusammenhang mit der Nutzung des Konferenzraumes. Ausdr\u00fccklich verboten sind \u00dcbernachtungen in den R\u00e4umlichkeiten.<\/li>\n<li>in den R\u00e4umlichkeiten irgendwelche M\u00f6bel oder andere Einrichtungen ohne vorg\u00e4ngige Zustimmung von PB zu installieren,<\/li>\n<li>die Einrichtung der R\u00e4umlichkeiten zu ver\u00e4ndern,<\/li>\n<li>andere Mieter der R\u00e4umlichkeiten zu st\u00f6ren. Der Kunde verpflichtet sich, auf andere Mieter R\u00fccksicht zu nehmen.<\/li>\n<li>die Einrichtung der R\u00e4umlichkeiten zu besch\u00e4digen,<\/li>\n<li>Ger\u00e4te, die f\u00fcr den Aussengebrauch bestimmt sind, in die R\u00e4umlichkeiten zu bringen und diese dort zu benutzen,<\/li>\n<li>Tiere in die R\u00e4umlichkeiten zu bringen,<\/li>\n<li>an den Fenstern oder in den G\u00e4ngen der R\u00e4umlichkeiten ohne vorg\u00e4ngige Zustimmung durch PB irgendetwas anzubringen oder zu projezieren.<\/li>\n<\/ul>\n<p>Einhaltung der Hausordnung und Anweisungen der Hauswartung: Der Kunde hat s\u00e4mtliche Regeln und Vorschriften der Hausordnung und Anweisungen der Hauswartung einzuhalten, die aus Gr\u00fcnden der Sicherheit und Gesundheit, der Brandschutzvorkehrungen oder sonstigen Gr\u00fcnden im Allgemeinen auferlegt. Diese Hausordnung kann von einem Standort zum anderen variieren. Sie kann vor Ort selbst angefordert werden.<\/p>\n<p>Der Kunde ist zum Ersatz s\u00e4mtlichen Schadens verpflichtet, der PB und ihren Angestellten durch die Nutzung der R\u00e4umlichkeiten verursacht wird.<\/p>\n<p>F\u00fcr den Fall, dass dem Kunden Informationen zur Kenntnis kommen, die von anderen Benutzern stammen oder f\u00fcr andere Nutzer bestimmt sind, verplichtet sich der Kunde die Informationen sowie allf\u00e4llige Kopien zu vernichten bzw. zu l\u00f6schen. Der Gebrauch der Informationen ist verboten.<\/p>\n<p><b>6. Buchungs- und Nutzungsmodalit\u00e4ten<\/b><\/p>\n<p>Die Buchung der R\u00e4umlichkeiten erfolgt online \u00fcber das <a href=\"https:\/\/book.daycrun.ch\/\" target=\"_blank\" rel=\"noopener noreferrer\">daycrunch Buchungssystem<\/a>.<\/p>\n<p>Der Kunde verpflichtet sich, sich vor Ort mittels eines geeigneten Ausweises wie Identit\u00e4tskarte, Personalausweis, Pass oder F\u00fchrerschein auszuweisen.<\/p>\n<p>Der Kunde verpflichtet sich ausserdem, allf\u00e4llige G\u00e4ste online \u00fcber das daycrunch Buchungssystem anzuk\u00fcndigen.<\/p>\n<p>Vor Ort ist der Kunde f\u00fcr die Benutzung der R\u00e4umlichkeiten selbst verantwortlich. Hilfestellung wird nicht garantiert. In dringenden F\u00e4llen steht dem Kunden die Telefonnummer (+41 43 388 83 46) f\u00fcr Fragen zur Verf\u00fcgung.<\/p>\n<p>Der Kunde verpflichtet sich, die R\u00e4umlichkeiten in sauberem und aufger\u00e4umtem Zustand (insbesondere frei von Abf\u00e4llen, pers\u00f6nlichem Material und groben Verschmutzungen) zu verlassen. Werden die R\u00e4umlichkeiten nicht in diesem Zustand hinterlassen, ist PB berechtigt, dem Kunden die effektiven Kosten f\u00fcr Reinigung und Wiederherstellung des ordnungsgem\u00e4ssen Zustands in Rechnung zu stellen.<\/p>\n<p>Sollte der Kunde irgendwelches Hab und Gut in den R\u00e4umlichkeiten vergessen haben, so ist es Sache des Kunden f\u00fcr die Wiedererlangung besorgt zu sein. PB \u00fcbernimmt keinerlei Haftung gegen\u00fcber zur\u00fcckgelassenem Hab und Gut und ist berechtigt, eine Woche nach Benutzung der R\u00e4umlichkeiten das Hab und Gut ohne Suche nach dem Eigent\u00fcmer zu entsorgen.<\/p>\n<p>Das Recht, die R\u00e4umlichkeiten f\u00fcr die gebuchte Dauer zu nutzen, ist nicht \u00fcbertragbar.<\/p>\n<p>PB wird die Kundendaten w\u00e4hrend mindestens dreier Monate aufbewahren, es sei denn, der Kunde w\u00fcnscht ausdr\u00fccklich eine l\u00e4ngere Aufbewahrung.<\/p>\n<p><b>7. R\u00fccktritt<\/b><\/p>\n<p>Der Kunde ist berechtigt, bis 1 Arbeitstag vor Beginn der Nutzung kostenfrei zur\u00fcckzutreten. Nach diesem Zeitpunkt ist die volle Geb\u00fchr geschuldet.<\/p>\n<p>Bei unbefristeten Buchungen, ohne definiertes Enddatum, k\u00f6nnen beide Parteien den Vertrag jederzeit mit einer Frist von einem Monat k\u00fcndigen, sofern nichts anderes schriftlich vereinbart wurde.<\/p>\n<p>PB ist aus wichtigem Grund berechtigt, jederzeit ohne Kostenfolge f\u00fcr PB vom Vertrag zur\u00fcckzutreten, insbesondere falls das Konferenzzimmer unter irref\u00fchrender oder falscher Angabe wesentlicher Tatsachen, z. B. bez\u00fcglich der Person des Kunden oder des Zwecks, gebucht wird.<\/p>\n<p><b>8. Haftung von PB<\/b><\/p>\n<p>Sollten St\u00f6rungen oder M\u00e4ngel an den Leistungen von PB auftreten, wird sich PB auf unverz\u00fcgliche R\u00fcge des Kunden hin bem\u00fchen, f\u00fcr Abhilfe zu sorgen. Keine Abhilfte erfolgt, wenn der Kunde es unterl\u00e4sst, einen Mangel PB sofort anzuzeigen. Ein Anspruch auf Minderung des vertraglich vereinbarten Entgelts besteht in keinem Fall.<\/p>\n<p>PB \u00fcbernimmt keine Haftung f\u00fcr jegliche Verluste, die aus der Nichtbereitstellung von Leistungen durch PB resultieren.<\/p>\n<p>PB \u00fcbernimmt auch keine Haftung f\u00fcr jegliche Pannen oder Defekte. Sofern PB vom Kunden entsprechend benachrichtigt wird, bem\u00fcht sich PB in angemessener Zeit Korrekturmassnahmen durchzuf\u00fchren. Insbesondere ist jegliche Haftung von PB f\u00fcr Datenverluste oder Ausfall von Informatiksystemen ausgeschlossen.<\/p>\n<p>Der Kunde \u00fcbernimmt w\u00e4hrend der Dauer seiner Pr\u00e4senz in den R\u00e4umlichkeiten die Verantwortung f\u00fcr seine Ausr\u00fcstung, und der Kunde haftet jederzeit f\u00fcr den Schaden oder Verlust von jeglichen Ger\u00e4ten, die Eigentum von PB oder Dritter sind.<\/p>\n<p><b>9. Preise und Zahlungsbedingungen<\/b><\/p>\n<p>Rechnungen PB sind sofort nach Buchung ohne Abzug zur Zahlung f\u00e4llig. Die Geb\u00fchren verstehen sich inklusive aller Leistungen wie Licht, Heizung und Gebrauch der Einrichtungen.<\/p>\n<p>Bei Zahlungsverzug ist PB berechtigt, Verzugszinsen in H\u00f6he von 5% des Rechnungsbetrages zu berechnen. PB bleibt die Geltendmachung eines h\u00f6heren Schadens vorbehalten. F\u00fcr jede Mahnung nach Verzugseintritt kann PB eine Mahngeb\u00fchr von Fr. 10.00 erheben.<\/p>\n<p>Die Geb\u00fchr versteht sich als der Gesamtbetrag der Miete f\u00fcr den Konferenzraum samt aller zus\u00e4tzlichen Leistungen, die zum Zeitpunkt der Reservierung angegeben werden.<\/p>\n<p>Insofern kein im voraus autorisiertes Konto eingerichtet wurde, erfolgt die Zahlung f\u00fcr per Kreditkarte bei der Buchung. Bei Einrichtung eines Kontos ist PB mit erfolgter Buchung berechtigt, die entsprechende Geb\u00fchr vom Konto abzuheben.<\/p>\n<p><b>10. Weitere Bestimmungen<\/b><\/p>\n<p>Wenn eine Partei es unterl\u00e4sst, eine Bestimmung der auf diesen Allgemeinen Gesch\u00e4ftsbedingungen gr\u00fcndenden Vertr\u00e4ge durchzusetzen oder Rechte aus diesen Vertr\u00e4gen auszu\u00fcben, so darf dies nicht als Verzicht auf diese Vertragsbestimmung oder diese Rechte verstanden werden. Insbesondere wird dadurch die G\u00fcltigkeit der Vertr\u00e4ge oder das Recht einer Partei, Anspr\u00fcche zu einem sp\u00e4teren Zeitpunkt durchzusetzen, nicht ber\u00fchrt.<\/p>\n<p>Sollten einzelne Bestimmungen der auf diesen Allgemeinen Gesch\u00e4ftsbedingungen gr\u00fcndenden Vertr\u00e4ge rechtlich unwirksam oder aus Rechtsgr\u00fcnden undurchf\u00fchrbar sein, so wird die G\u00fcltigkeit der Vertr\u00e4ge im \u00fcbrigen davon nicht ber\u00fchrt. Die Parteien werden in einem solchen Falle eine Vereinbarung treffen, welche die betreffende Bestimmung durch eine wirksame, wirtschaftlich m\u00f6glichst gleichwertige Bestimmung ersetzt.<\/p>\n<p><b>11. Anwendbares Recht und Gerichtsstand<\/b><\/p>\n<p>Diese Allgemeinen Gesch\u00e4ftsbedingungen unterstehen schweizerischem Recht.<\/p>\n<p>F\u00fcr s\u00e4mtliche Streitigkeiten aus diesem Vertrag sind die ordentlichen Gerichte ausschliesslich in Dielsdorf zust\u00e4ndig.<\/p>\n<\/div><div class=\"fusion-clearfix\"><\/div><\/div><\/div><\/div><\/div>\n","protected":false},"excerpt":{"rendered":"","protected":false},"author":5,"featured_media":0,"parent":0,"menu_order":0,"comment_status":"closed","ping_status":"closed","template":"100-width.php","meta":{"inline_featured_image":false,"footnotes":""},"class_list":["post-273","page","type-page","status-publish","hentry"],"yoast_head":"<!-- This site is optimized with the Yoast SEO plugin v26.8 - https:\/\/yoast.com\/product\/yoast-seo-wordpress\/ -->\n<title>AGB - daycrunch.ch<\/title>\n<meta name=\"robots\" content=\"noindex, nofollow\" \/>\n<meta property=\"og:locale\" content=\"de_DE\" \/>\n<meta property=\"og:type\" content=\"article\" \/>\n<meta property=\"og:title\" content=\"AGB - daycrunch.ch\" \/>\n<meta property=\"og:url\" content=\"https:\/\/daycrunch.ch\/de\/agb\/\" \/>\n<meta property=\"og:site_name\" content=\"daycrunch.ch\" \/>\n<meta property=\"article:modified_time\" content=\"2025-08-31T10:51:27+00:00\" \/>\n<meta name=\"twitter:card\" content=\"summary_large_image\" \/>\n<meta name=\"twitter:label1\" content=\"Gesch\u00e4tzte Lesezeit\" \/>\n\t<meta name=\"twitter:data1\" content=\"9\u00a0Minuten\" \/>\n<script type=\"application\/ld+json\" class=\"yoast-schema-graph\">{\"@context\":\"https:\/\/schema.org\",\"@graph\":[{\"@type\":\"WebPage\",\"@id\":\"https:\/\/daycrunch.ch\/de\/agb\/\",\"url\":\"https:\/\/daycrunch.ch\/de\/agb\/\",\"name\":\"AGB - daycrunch.ch\",\"isPartOf\":{\"@id\":\"https:\/\/daycrunch.ch\/de\/#website\"},\"datePublished\":\"2019-11-25T12:28:50+00:00\",\"dateModified\":\"2025-08-31T10:51:27+00:00\",\"breadcrumb\":{\"@id\":\"https:\/\/daycrunch.ch\/de\/agb\/#breadcrumb\"},\"inLanguage\":\"de\",\"potentialAction\":[{\"@type\":\"ReadAction\",\"target\":[\"https:\/\/daycrunch.ch\/de\/agb\/\"]}]},{\"@type\":\"BreadcrumbList\",\"@id\":\"https:\/\/daycrunch.ch\/de\/agb\/#breadcrumb\",\"itemListElement\":[{\"@type\":\"ListItem\",\"position\":1,\"name\":\"Startseite\",\"item\":\"https:\/\/daycrunch.ch\/de\/\"},{\"@type\":\"ListItem\",\"position\":2,\"name\":\"AGB\"}]},{\"@type\":\"WebSite\",\"@id\":\"https:\/\/daycrunch.ch\/de\/#website\",\"url\":\"https:\/\/daycrunch.ch\/de\/\",\"name\":\"daycrunch.ch\",\"description\":\"Clean Untertitel\",\"publisher\":{\"@id\":\"https:\/\/daycrunch.ch\/de\/#organization\"},\"potentialAction\":[{\"@type\":\"SearchAction\",\"target\":{\"@type\":\"EntryPoint\",\"urlTemplate\":\"https:\/\/daycrunch.ch\/de\/?s={search_term_string}\"},\"query-input\":{\"@type\":\"PropertyValueSpecification\",\"valueRequired\":true,\"valueName\":\"search_term_string\"}}],\"inLanguage\":\"de\"},{\"@type\":\"Organization\",\"@id\":\"https:\/\/daycrunch.ch\/de\/#organization\",\"name\":\"daycrunch\",\"url\":\"https:\/\/daycrunch.ch\/de\/\",\"logo\":{\"@type\":\"ImageObject\",\"inLanguage\":\"de\",\"@id\":\"https:\/\/daycrunch.ch\/de\/#\/schema\/logo\/image\/\",\"url\":\"https:\/\/daycrunch.ch\/daycrunch_website\/wp-content\/uploads\/2020\/03\/daycrunchlogo-wide-retina.png\",\"contentUrl\":\"https:\/\/daycrunch.ch\/daycrunch_website\/wp-content\/uploads\/2020\/03\/daycrunchlogo-wide-retina.png\",\"width\":509,\"height\":100,\"caption\":\"daycrunch\"},\"image\":{\"@id\":\"https:\/\/daycrunch.ch\/de\/#\/schema\/logo\/image\/\"}}]}<\/script>\n<!-- \/ Yoast SEO plugin. -->","yoast_head_json":{"title":"AGB - daycrunch.ch","robots":{"index":"noindex","follow":"nofollow"},"og_locale":"de_DE","og_type":"article","og_title":"AGB - daycrunch.ch","og_url":"https:\/\/daycrunch.ch\/de\/agb\/","og_site_name":"daycrunch.ch","article_modified_time":"2025-08-31T10:51:27+00:00","twitter_card":"summary_large_image","twitter_misc":{"Gesch\u00e4tzte Lesezeit":"9\u00a0Minuten"},"schema":{"@context":"https:\/\/schema.org","@graph":[{"@type":"WebPage","@id":"https:\/\/daycrunch.ch\/de\/agb\/","url":"https:\/\/daycrunch.ch\/de\/agb\/","name":"AGB - daycrunch.ch","isPartOf":{"@id":"https:\/\/daycrunch.ch\/de\/#website"},"datePublished":"2019-11-25T12:28:50+00:00","dateModified":"2025-08-31T10:51:27+00:00","breadcrumb":{"@id":"https:\/\/daycrunch.ch\/de\/agb\/#breadcrumb"},"inLanguage":"de","potentialAction":[{"@type":"ReadAction","target":["https:\/\/daycrunch.ch\/de\/agb\/"]}]},{"@type":"BreadcrumbList","@id":"https:\/\/daycrunch.ch\/de\/agb\/#breadcrumb","itemListElement":[{"@type":"ListItem","position":1,"name":"Startseite","item":"https:\/\/daycrunch.ch\/de\/"},{"@type":"ListItem","position":2,"name":"AGB"}]},{"@type":"WebSite","@id":"https:\/\/daycrunch.ch\/de\/#website","url":"https:\/\/daycrunch.ch\/de\/","name":"daycrunch.ch","description":"Clean Untertitel","publisher":{"@id":"https:\/\/daycrunch.ch\/de\/#organization"},"potentialAction":[{"@type":"SearchAction","target":{"@type":"EntryPoint","urlTemplate":"https:\/\/daycrunch.ch\/de\/?s={search_term_string}"},"query-input":{"@type":"PropertyValueSpecification","valueRequired":true,"valueName":"search_term_string"}}],"inLanguage":"de"},{"@type":"Organization","@id":"https:\/\/daycrunch.ch\/de\/#organization","name":"daycrunch","url":"https:\/\/daycrunch.ch\/de\/","logo":{"@type":"ImageObject","inLanguage":"de","@id":"https:\/\/daycrunch.ch\/de\/#\/schema\/logo\/image\/","url":"https:\/\/daycrunch.ch\/daycrunch_website\/wp-content\/uploads\/2020\/03\/daycrunchlogo-wide-retina.png","contentUrl":"https:\/\/daycrunch.ch\/daycrunch_website\/wp-content\/uploads\/2020\/03\/daycrunchlogo-wide-retina.png","width":509,"height":100,"caption":"daycrunch"},"image":{"@id":"https:\/\/daycrunch.ch\/de\/#\/schema\/logo\/image\/"}}]}},"_links":{"self":[{"href":"https:\/\/daycrunch.ch\/de\/wp-json\/wp\/v2\/pages\/273","targetHints":{"allow":["GET"]}}],"collection":[{"href":"https:\/\/daycrunch.ch\/de\/wp-json\/wp\/v2\/pages"}],"about":[{"href":"https:\/\/daycrunch.ch\/de\/wp-json\/wp\/v2\/types\/page"}],"author":[{"embeddable":true,"href":"https:\/\/daycrunch.ch\/de\/wp-json\/wp\/v2\/users\/5"}],"replies":[{"embeddable":true,"href":"https:\/\/daycrunch.ch\/de\/wp-json\/wp\/v2\/comments?post=273"}],"version-history":[{"count":21,"href":"https:\/\/daycrunch.ch\/de\/wp-json\/wp\/v2\/pages\/273\/revisions"}],"predecessor-version":[{"id":5034,"href":"https:\/\/daycrunch.ch\/de\/wp-json\/wp\/v2\/pages\/273\/revisions\/5034"}],"wp:attachment":[{"href":"https:\/\/daycrunch.ch\/de\/wp-json\/wp\/v2\/media?parent=273"}],"curies":[{"name":"wp","href":"https:\/\/api.w.org\/{rel}","templated":true}]}}