{"id":5304,"date":"2025-08-14T22:02:23","date_gmt":"2025-08-14T20:02:23","guid":{"rendered":"https:\/\/daycrunch.ch\/?page_id=5304"},"modified":"2026-02-08T12:28:27","modified_gmt":"2026-02-08T11:28:27","slug":"alba-haus","status":"publish","type":"page","link":"https:\/\/daycrunch.ch\/de\/standorte\/alba-haus\/","title":{"rendered":"Allschwil Alba Haus"},"content":{"rendered":"<p><div class=\"fusion-fullwidth fullwidth-box fusion-builder-row-1 fusion-parallax-none hundred-percent-fullwidth non-hundred-percent-height-scrolling\" style=\"--awb-border-radius-top-left:0px;--awb-border-radius-top-right:0px;--awb-border-radius-bottom-right:0px;--awb-border-radius-bottom-left:0px;--awb-padding-top:240px;--awb-padding-bottom:240px;--awb-background-image:url(&quot;https:\/\/daycrunch.ch\/daycrunch_website\/wp-content\/uploads\/2025\/08\/marcgilgen-dji-0242-dng-1024x768.jpg&quot;);--awb-background-size:cover;--awb-flex-wrap:wrap;\" ><div class=\"fusion-builder-row fusion-row\"><\/div><\/div><div class=\"fusion-fullwidth fullwidth-box fusion-builder-row-2 nonhundred-percent-fullwidth non-hundred-percent-height-scrolling\" style=\"--awb-background-position:left top;--awb-border-sizes-top:0px;--awb-border-sizes-bottom:0px;--awb-border-sizes-left:0px;--awb-border-sizes-right:0px;--awb-border-radius-top-left:0px;--awb-border-radius-top-right:0px;--awb-border-radius-bottom-right:0px;--awb-border-radius-bottom-left:0px;--awb-padding-top:2%;--awb-padding-bottom:40px;--awb-flex-wrap:wrap;\" ><div class=\"fusion-builder-row fusion-row\"><div class=\"fusion-layout-column fusion_builder_column fusion-builder-column-0 fusion_builder_column_1_1 1_1 fusion-one-full fusion-column-first fusion-column-last\" style=\"--awb-bg-size:cover;\"><div class=\"fusion-column-wrapper fusion-column-has-shadow fusion-flex-column-wrapper-legacy\"><div class=\"fusion-text fusion-text-1\"><h1 class=\"\" style=\"--fontsize: 60; line-height: 1.16;\" data-fontsize=\"60\" data-lineheight=\"69.6px\">Alba Haus<\/h1>\n<p>Lachenstrasse 1, 4123 Allschwil<\/p>\n<\/div><div class=\"fusion-clearfix\"><\/div><\/div><\/div><div class=\"fusion-layout-column fusion_builder_column fusion-builder-column-1 fusion_builder_column_1_2 1_2 fusion-one-half fusion-column-first\" style=\"--awb-padding-top:20px;--awb-padding-bottom:20px;--awb-bg-size:cover;--awb-margin-top:14px;width:50%;width:calc(50% - ( ( 4% ) * 0.5 ) );margin-right: 4%;\"><div class=\"fusion-column-wrapper fusion-column-has-shadow fusion-flex-column-wrapper-legacy\"><div class=\"fusion-text fusion-text-2\"><p>Als erster Work\u2013Life Blending HUB der Schweiz ist ALBA darauf ausgelegt, Margen zu verbessern, die Personalgewinnung zu unterst\u00fctzen und die Markenpr\u00e4senz zu steigern. Es ist ein strategischer Verm\u00f6genswert, der Unternehmen dabei hilft, besser zu performen \u2013 indem er die Menschen st\u00e4rkt, die sie antreiben.<\/p>\n<p><span style=\"background-color: rgba(0, 0, 0, 0);\">Im ersten Stock bringt daycrunch\u00ae den Rhythmus von ALBA zum Leben \u2013 mit B\u00fcros und Arbeitspl\u00e4tzen zur Monatsmiete sowie Konferenz- und Breakout-R\u00e4umen stundenweise<\/span>.<\/p>\n<\/div><div class=\"fusion-clearfix\"><\/div><\/div><\/div><div class=\"fusion-layout-column fusion_builder_column fusion-builder-column-2 fusion_builder_column_1_2 1_2 fusion-one-half fusion-column-last\" style=\"--awb-padding-top:10px;--awb-padding-right:10px;--awb-padding-bottom:10px;--awb-padding-left:10px;--awb-bg-size:cover;--awb-margin-top:14px;width:50%;width:calc(50% - ( ( 4% ) * 0.5 ) );\"><div class=\"fusion-column-wrapper fusion-column-has-shadow fusion-flex-column-wrapper-legacy\">\t\t\t\t\t<script type=\"text\/javascript\">\n\t\t\t\t\t\tvar map_fusion_map_69e1e7928d811;\n\t\t\t\t\t\tvar markers = [];\n\t\t\t\t\t\tvar counter = 0;\n\t\t\t\t\t\t\t\t\t\t\t\t\t\t\t\t\t\t\t\tvar fusionMapNonce = 'a124cb7a2c';\n\t\t\t\t\t\t\t\t\t\t\t\tfunction fusion_run_map_fusion_map_69e1e7928d811() {\n\t\t\t\t\t\t\tjQuery ('#fusion_map_69e1e7928d811' ).fusion_maps( {\n\t\t\t\t\t\t\t\taddresses: [{\"address\":\"Lachenstrasse 1, 4123 Allschwil\",\"infobox_content\":\"\",\"marker\":\"https:\\\/\\\/daycrunch.ch\\\/daycrunch_website\\\/wp-content\\\/uploads\\\/2020\\\/04\\\/daycrunch-map-icon.png\",\"coordinates\":false,\"cache\":true,\"latitude\":\"47.56223010000001\",\"longitude\":\"7.555085500000001\"}],\n\t\t\t\t\t\t\t\tanimations: false,\n\t\t\t\t\t\t\t\tinfobox_background_color: '',\n\t\t\t\t\t\t\t\tinfobox_styling: 'default',\n\t\t\t\t\t\t\t\tinfobox_text_color: '',\n\t\t\t\t\t\t\t\tmap_style: 'custom',\n\t\t\t\t\t\t\t\tmap_type: 'roadmap',\n\t\t\t\t\t\t\t\tmarker_icon: 'https:\/\/daycrunch.ch\/daycrunch_website\/wp-content\/uploads\/2020\/04\/daycrunch-map-icon.png',\n\t\t\t\t\t\t\t\toverlay_color: '',\n\t\t\t\t\t\t\t\toverlay_color_hsl: {\"hue\":0,\"sat\":0,\"lum\":100},\n\t\t\t\t\t\t\t\tshow_address: false,\n\t\t\t\t\t\t\t\tscale_control: true,\n\t\t\t\t\t\t\t\tscrollwheel: false,\n\t\t\t\t\t\t\t\tzoom: 15,\n\t\t\t\t\t\t\t\tzoom_control: false,\n\t\t\t\t\t\t\t} );\n\t\t\t\t\t\t}\n\n\t\t\t\t\t\tgoogle.maps.event.addDomListener(window, 'load', fusion_run_map_fusion_map_69e1e7928d811);\n\t\t\t\t\t<\/script>\n\t\t\t\t\t<div class=\"shortcode-map fusion-google-map fusion-maps-js-type\" id=\"fusion_map_69e1e7928d811\"><\/div><div class=\"fusion-clearfix\"><\/div><\/div><\/div><\/div><\/div><div class=\"fusion-fullwidth fullwidth-box fusion-builder-row-3 fusion-flex-container has-pattern-background has-mask-background nonhundred-percent-fullwidth non-hundred-percent-height-scrolling\" style=\"--awb-border-radius-top-left:0px;--awb-border-radius-top-right:0px;--awb-border-radius-bottom-right:0px;--awb-border-radius-bottom-left:0px;--awb-flex-wrap:wrap;\" ><div class=\"fusion-builder-row fusion-row fusion-flex-align-items-flex-start fusion-flex-content-wrap\" style=\"max-width:1216.8px;margin-left: calc(-4% \/ 2 );margin-right: calc(-4% \/ 2 );\"><div class=\"fusion-layout-column fusion_builder_column fusion-builder-column-3 fusion_builder_column_1_1 1_1 fusion-flex-column\" style=\"--awb-bg-size:cover;--awb-width-large:100%;--awb-margin-top-large:15px;--awb-spacing-right-large:1.92%;--awb-margin-bottom-large:15px;--awb-spacing-left-large:1.92%;--awb-width-medium:100%;--awb-order-medium:0;--awb-spacing-right-medium:1.92%;--awb-spacing-left-medium:1.92%;--awb-width-small:100%;--awb-order-small:0;--awb-spacing-right-small:1.92%;--awb-spacing-left-small:1.92%;\"><div class=\"fusion-column-wrapper fusion-column-has-shadow fusion-flex-justify-content-flex-start fusion-content-layout-column\"><div class=\"fusion-text fusion-text-3\"><h2 data-fontsize=\"28\" style=\"--fontSize: 28; line-height: 1.2; --minFontSize: 28;\" data-lineheight=\"33.6px\" class=\"fusion-responsive-typography-calculated\">Sitzungsr\u00e4ume<\/h2>\n<\/div><\/div><\/div><\/div><\/div><div class=\"fusion-fullwidth fullwidth-box fusion-builder-row-4 fusion-flex-container has-pattern-background has-mask-background nonhundred-percent-fullwidth non-hundred-percent-height-scrolling\" style=\"--awb-border-radius-top-left:0px;--awb-border-radius-top-right:0px;--awb-border-radius-bottom-right:0px;--awb-border-radius-bottom-left:0px;--awb-flex-wrap:wrap;\" ><div class=\"fusion-builder-row fusion-row fusion-flex-align-items-flex-start fusion-flex-content-wrap\" style=\"max-width:1216.8px;margin-left: calc(-4% \/ 2 );margin-right: calc(-4% \/ 2 );\"><div class=\"fusion-layout-column fusion_builder_column fusion-builder-column-4 fusion_builder_column_1_1 1_1 fusion-flex-column\" style=\"--awb-bg-size:cover;--awb-width-large:100%;--awb-margin-top-large:15px;--awb-spacing-right-large:1.92%;--awb-margin-bottom-large:15px;--awb-spacing-left-large:1.92%;--awb-width-medium:100%;--awb-order-medium:0;--awb-spacing-right-medium:1.92%;--awb-spacing-left-medium:1.92%;--awb-width-small:100%;--awb-order-small:0;--awb-spacing-right-small:1.92%;--awb-spacing-left-small:1.92%;\"><div class=\"fusion-column-wrapper fusion-column-has-shadow fusion-flex-justify-content-flex-start fusion-content-layout-column\"><pbui-asset-list \n    assetBasePath=\"\/pb-ui\/room-details\" tourUrl=\"https:\/\/3dtours.com\/my-awesome-tour\" \n    locale=\"de\"\n    skipNavigation=\"true\"\n    staticPath=\"false\"\n    typeSelector=\"false\"\n    floorSelector=\"false\"\n    buildingSelector=\"false\"\n    paxSelector=\"true\"\n    typeId=\"2\"\n    buildingId=\"20\"\n    paxOptions=\"1,2,4,6,8,10,20\"\n    hidePrices=\"false\"\n    showDetailsButton=\"true\"\n    showFloorPlanButton=\"false\"\n    externalAuth=\"false\"\n    ><\/pbui-asset-list><\/div><\/div><\/div><\/div><div class=\"fusion-fullwidth fullwidth-box fusion-builder-row-5 fusion-flex-container has-pattern-background has-mask-background nonhundred-percent-fullwidth non-hundred-percent-height-scrolling\" style=\"--awb-border-radius-top-left:0px;--awb-border-radius-top-right:0px;--awb-border-radius-bottom-right:0px;--awb-border-radius-bottom-left:0px;--awb-flex-wrap:wrap;\" ><div class=\"fusion-builder-row fusion-row fusion-flex-align-items-flex-start fusion-flex-content-wrap\" style=\"max-width:1216.8px;margin-left: calc(-4% \/ 2 );margin-right: calc(-4% \/ 2 );\"><div class=\"fusion-layout-column fusion_builder_column fusion-builder-column-5 fusion_builder_column_1_1 1_1 fusion-flex-column\" style=\"--awb-bg-size:cover;--awb-width-large:100%;--awb-margin-top-large:15px;--awb-spacing-right-large:1.92%;--awb-margin-bottom-large:15px;--awb-spacing-left-large:1.92%;--awb-width-medium:100%;--awb-order-medium:0;--awb-spacing-right-medium:1.92%;--awb-spacing-left-medium:1.92%;--awb-width-small:100%;--awb-order-small:0;--awb-spacing-right-small:1.92%;--awb-spacing-left-small:1.92%;\"><div class=\"fusion-column-wrapper fusion-column-has-shadow fusion-flex-justify-content-flex-start fusion-content-layout-column\"><div class=\"fusion-text fusion-text-4\"><h2 data-fontsize=\"28\" style=\"--fontSize: 28; line-height: 1.2; --minFontSize: 28;\" data-lineheight=\"33.6px\" class=\"fusion-responsive-typography-calculated\">B\u00fcros<\/h2>\n<\/div><\/div><\/div><\/div><\/div><div class=\"fusion-fullwidth fullwidth-box fusion-builder-row-6 fusion-flex-container has-pattern-background has-mask-background nonhundred-percent-fullwidth non-hundred-percent-height-scrolling\" style=\"--awb-border-radius-top-left:0px;--awb-border-radius-top-right:0px;--awb-border-radius-bottom-right:0px;--awb-border-radius-bottom-left:0px;--awb-flex-wrap:wrap;\" ><div class=\"fusion-builder-row fusion-row fusion-flex-align-items-flex-start fusion-flex-content-wrap\" style=\"max-width:1216.8px;margin-left: calc(-4% \/ 2 );margin-right: calc(-4% \/ 2 );\"><div class=\"fusion-layout-column fusion_builder_column fusion-builder-column-6 fusion_builder_column_1_1 1_1 fusion-flex-column\" style=\"--awb-bg-size:cover;--awb-width-large:100%;--awb-margin-top-large:15px;--awb-spacing-right-large:1.92%;--awb-margin-bottom-large:15px;--awb-spacing-left-large:1.92%;--awb-width-medium:100%;--awb-order-medium:0;--awb-spacing-right-medium:1.92%;--awb-spacing-left-medium:1.92%;--awb-width-small:100%;--awb-order-small:0;--awb-spacing-right-small:1.92%;--awb-spacing-left-small:1.92%;\"><div class=\"fusion-column-wrapper fusion-column-has-shadow fusion-flex-justify-content-flex-start fusion-content-layout-column\"><pbui-asset-list \n  \n    locale=\"de\"\n    skipNavigation=\"true\"\n    staticPath=\"false\"\n    typeSelector=\"false\"\n    floorSelector=\"false\"\n    buildingSelector=\"false\"\n    paxSelector=\"true\"\n    typeId=\"3\"\n\n    buildingId=\"20\"\n    paxOptions=\"1,2,4,6,8,10,20\"\n    hidePrices=\"false\"\n    showDetailsButton=\"false\"\n    showFloorPlanButton=\"false\"\n    externalAuth=\"false\"\n    ><\/pbui-asset-list><\/div><\/div><\/div><\/div><div class=\"fusion-fullwidth fullwidth-box fusion-builder-row-7 hundred-percent-fullwidth non-hundred-percent-height-scrolling\" style=\"--awb-border-radius-top-left:0px;--awb-border-radius-top-right:0px;--awb-border-radius-bottom-right:0px;--awb-border-radius-bottom-left:0px;--awb-flex-wrap:wrap;\" ><div class=\"fusion-builder-row fusion-row\"><div class=\"fusion-layout-column fusion_builder_column fusion-builder-column-7 fusion_builder_column_1_1 1_1 fusion-one-full fusion-column-first fusion-column-last\" style=\"--awb-bg-size:cover;\"><div class=\"fusion-column-wrapper fusion-column-has-shadow fusion-flex-column-wrapper-legacy\">\t\t\t\t\t<script type=\"text\/javascript\">\n\t\t\t\t\t\tvar map_fusion_map_69e1e79291355;\n\t\t\t\t\t\tvar markers = [];\n\t\t\t\t\t\tvar counter = 0;\n\t\t\t\t\t\t\t\t\t\t\t\tfunction fusion_run_map_fusion_map_69e1e79291355() {\n\t\t\t\t\t\t\tjQuery ('#fusion_map_69e1e79291355' ).fusion_maps( {\n\t\t\t\t\t\t\t\taddresses: [{\"address\":\"Grosspeteranlage 29, 4052 Basel \",\"infobox_content\":\"\",\"marker\":\"https:\\\/\\\/daycrunch.ch\\\/daycrunch_website\\\/wp-content\\\/uploads\\\/2020\\\/04\\\/daycrunch-map-icon.png\",\"coordinates\":false,\"cache\":true,\"latitude\":\"47.5449429\",\"longitude\":\"7.6023115\"},{\"address\":\" Cherstrasse 4, 8152 Glattbrugg-Opfikon \",\"infobox_content\":\" Cherstrasse 4, 8152 Glattbrugg-Opfikon \",\"marker\":\"https:\\\/\\\/daycrunch.ch\\\/daycrunch_website\\\/wp-content\\\/uploads\\\/2020\\\/04\\\/daycrunch-map-icon.png\",\"coordinates\":false,\"cache\":true,\"latitude\":\"47.433341\",\"longitude\":\"8.5592942\"},{\"address\":\" Hinterm\\u00e4ttlistrasse 3, 5506 M\\u00e4genwil \",\"infobox_content\":\" Hinterm\\u00e4ttlistrasse 3, 5506 M\\u00e4genwil \",\"marker\":\"https:\\\/\\\/daycrunch.ch\\\/daycrunch_website\\\/wp-content\\\/uploads\\\/2020\\\/04\\\/daycrunch-map-icon.png\",\"coordinates\":false,\"cache\":true,\"latitude\":\"47.41056469999999\",\"longitude\":\"8.2230486\"},{\"address\":\" S\\u00e4gereistrasse 10, 8152 Opfikon \",\"infobox_content\":\" S\\u00e4gereistrasse 10, 8152 Opfikon \",\"marker\":\"https:\\\/\\\/daycrunch.ch\\\/daycrunch_website\\\/wp-content\\\/uploads\\\/2020\\\/04\\\/daycrunch-map-icon.png\",\"coordinates\":false,\"cache\":true,\"latitude\":\"47.4313448\",\"longitude\":\"8.5607417\"},{\"address\":\" Av. de Rhodanie 40, 1007 Lausanne \",\"infobox_content\":\" Av. de Rhodanie 40, 1007 Lausanne \",\"marker\":\"https:\\\/\\\/daycrunch.ch\\\/daycrunch_website\\\/wp-content\\\/uploads\\\/2020\\\/04\\\/daycrunch-map-icon.png\",\"coordinates\":false,\"cache\":true,\"latitude\":\"46.5129013\",\"longitude\":\"6.6143728\"},{\"address\":\" St. Jakob-Strasse 54, 4052 Basel \",\"infobox_content\":\" St. Jakob-Strasse 54, 4052 Basel \",\"marker\":\"https:\\\/\\\/daycrunch.ch\\\/daycrunch_website\\\/wp-content\\\/uploads\\\/2020\\\/04\\\/daycrunch-map-icon.png\",\"coordinates\":false,\"cache\":true,\"latitude\":\"47.5484636\",\"longitude\":\"7.5975936\"},{\"address\":\" Lachenstrasse 1, 4123 Allschwil\",\"infobox_content\":\" Lachenstrasse 1, 4123 Allschwil\",\"marker\":\"https:\\\/\\\/daycrunch.ch\\\/daycrunch_website\\\/wp-content\\\/uploads\\\/2020\\\/04\\\/daycrunch-map-icon.png\",\"coordinates\":false,\"cache\":true,\"latitude\":\"47.56223010000001\",\"longitude\":\"7.555085500000001\"}],\n\t\t\t\t\t\t\t\tanimations: false,\n\t\t\t\t\t\t\t\tinfobox_background_color: '',\n\t\t\t\t\t\t\t\tinfobox_styling: 'default',\n\t\t\t\t\t\t\t\tinfobox_text_color: '',\n\t\t\t\t\t\t\t\tmap_style: 'custom',\n\t\t\t\t\t\t\t\tmap_type: 'roadmap',\n\t\t\t\t\t\t\t\tmarker_icon: 'https:\/\/daycrunch.ch\/daycrunch_website\/wp-content\/uploads\/2020\/04\/daycrunch-map-icon.png',\n\t\t\t\t\t\t\t\toverlay_color: '',\n\t\t\t\t\t\t\t\toverlay_color_hsl: {\"hue\":0,\"sat\":0,\"lum\":100},\n\t\t\t\t\t\t\t\tshow_address: true,\n\t\t\t\t\t\t\t\tscale_control: true,\n\t\t\t\t\t\t\t\tscrollwheel: true,\n\t\t\t\t\t\t\t\tzoom: 8,\n\t\t\t\t\t\t\t\tzoom_control: true,\n\t\t\t\t\t\t\t} );\n\t\t\t\t\t\t}\n\n\t\t\t\t\t\tgoogle.maps.event.addDomListener(window, 'load', fusion_run_map_fusion_map_69e1e79291355);\n\t\t\t\t\t<\/script>\n\t\t\t\t\t<div class=\"shortcode-map fusion-google-map fusion-maps-js-type\" id=\"fusion_map_69e1e79291355\"><\/div>\n<div class=\"fusion-clearfix\"><\/div><\/div><\/div><\/div><\/div>\n<\/p>\n","protected":false},"excerpt":{"rendered":"","protected":false},"author":5,"featured_media":0,"parent":861,"menu_order":0,"comment_status":"closed","ping_status":"closed","template":"","meta":{"inline_featured_image":false,"footnotes":""},"class_list":["post-5304","page","type-page","status-publish","hentry"],"yoast_head":"<!-- This site is optimized with the Yoast SEO plugin v26.8 - https:\/\/yoast.com\/product\/yoast-seo-wordpress\/ -->\n<title>Allschwil Alba Haus - daycrunch.ch<\/title>\n<meta name=\"robots\" content=\"index, follow, max-snippet:-1, max-image-preview:large, max-video-preview:-1\" \/>\n<link rel=\"canonical\" href=\"https:\/\/daycrunch.ch\/de\/standorte\/alba-haus\/\" \/>\n<meta property=\"og:locale\" content=\"de_DE\" \/>\n<meta property=\"og:type\" content=\"article\" \/>\n<meta property=\"og:title\" content=\"Allschwil Alba Haus - daycrunch.ch\" \/>\n<meta property=\"og:url\" content=\"https:\/\/daycrunch.ch\/de\/standorte\/alba-haus\/\" \/>\n<meta property=\"og:site_name\" content=\"daycrunch.ch\" \/>\n<meta property=\"article:modified_time\" content=\"2026-02-08T11:28:27+00:00\" \/>\n<meta name=\"twitter:card\" content=\"summary_large_image\" \/>\n<meta name=\"twitter:label1\" content=\"Gesch\u00e4tzte Lesezeit\" \/>\n\t<meta name=\"twitter:data1\" content=\"1\u00a0Minute\" \/>\n<script type=\"application\/ld+json\" class=\"yoast-schema-graph\">{\"@context\":\"https:\/\/schema.org\",\"@graph\":[{\"@type\":\"WebPage\",\"@id\":\"https:\/\/daycrunch.ch\/de\/standorte\/alba-haus\/\",\"url\":\"https:\/\/daycrunch.ch\/de\/standorte\/alba-haus\/\",\"name\":\"Allschwil Alba Haus - daycrunch.ch\",\"isPartOf\":{\"@id\":\"https:\/\/daycrunch.ch\/de\/#website\"},\"datePublished\":\"2025-08-14T20:02:23+00:00\",\"dateModified\":\"2026-02-08T11:28:27+00:00\",\"breadcrumb\":{\"@id\":\"https:\/\/daycrunch.ch\/de\/standorte\/alba-haus\/#breadcrumb\"},\"inLanguage\":\"de\",\"potentialAction\":[{\"@type\":\"ReadAction\",\"target\":[\"https:\/\/daycrunch.ch\/de\/standorte\/alba-haus\/\"]}]},{\"@type\":\"BreadcrumbList\",\"@id\":\"https:\/\/daycrunch.ch\/de\/standorte\/alba-haus\/#breadcrumb\",\"itemListElement\":[{\"@type\":\"ListItem\",\"position\":1,\"name\":\"Startseite\",\"item\":\"https:\/\/daycrunch.ch\/de\/\"},{\"@type\":\"ListItem\",\"position\":2,\"name\":\"Standorte\",\"item\":\"https:\/\/daycrunch.ch\/de\/standorte\/\"},{\"@type\":\"ListItem\",\"position\":3,\"name\":\"Allschwil Alba Haus\"}]},{\"@type\":\"WebSite\",\"@id\":\"https:\/\/daycrunch.ch\/de\/#website\",\"url\":\"https:\/\/daycrunch.ch\/de\/\",\"name\":\"daycrunch.ch\",\"description\":\"Clean Untertitel\",\"publisher\":{\"@id\":\"https:\/\/daycrunch.ch\/de\/#organization\"},\"potentialAction\":[{\"@type\":\"SearchAction\",\"target\":{\"@type\":\"EntryPoint\",\"urlTemplate\":\"https:\/\/daycrunch.ch\/de\/?s={search_term_string}\"},\"query-input\":{\"@type\":\"PropertyValueSpecification\",\"valueRequired\":true,\"valueName\":\"search_term_string\"}}],\"inLanguage\":\"de\"},{\"@type\":\"Organization\",\"@id\":\"https:\/\/daycrunch.ch\/de\/#organization\",\"name\":\"daycrunch\",\"url\":\"https:\/\/daycrunch.ch\/de\/\",\"logo\":{\"@type\":\"ImageObject\",\"inLanguage\":\"de\",\"@id\":\"https:\/\/daycrunch.ch\/de\/#\/schema\/logo\/image\/\",\"url\":\"https:\/\/daycrunch.ch\/daycrunch_website\/wp-content\/uploads\/2020\/03\/daycrunchlogo-wide-retina.png\",\"contentUrl\":\"https:\/\/daycrunch.ch\/daycrunch_website\/wp-content\/uploads\/2020\/03\/daycrunchlogo-wide-retina.png\",\"width\":509,\"height\":100,\"caption\":\"daycrunch\"},\"image\":{\"@id\":\"https:\/\/daycrunch.ch\/de\/#\/schema\/logo\/image\/\"}}]}<\/script>\n<!-- \/ Yoast SEO plugin. -->","yoast_head_json":{"title":"Allschwil Alba Haus - daycrunch.ch","robots":{"index":"index","follow":"follow","max-snippet":"max-snippet:-1","max-image-preview":"max-image-preview:large","max-video-preview":"max-video-preview:-1"},"canonical":"https:\/\/daycrunch.ch\/de\/standorte\/alba-haus\/","og_locale":"de_DE","og_type":"article","og_title":"Allschwil Alba Haus - daycrunch.ch","og_url":"https:\/\/daycrunch.ch\/de\/standorte\/alba-haus\/","og_site_name":"daycrunch.ch","article_modified_time":"2026-02-08T11:28:27+00:00","twitter_card":"summary_large_image","twitter_misc":{"Gesch\u00e4tzte Lesezeit":"1\u00a0Minute"},"schema":{"@context":"https:\/\/schema.org","@graph":[{"@type":"WebPage","@id":"https:\/\/daycrunch.ch\/de\/standorte\/alba-haus\/","url":"https:\/\/daycrunch.ch\/de\/standorte\/alba-haus\/","name":"Allschwil Alba Haus - daycrunch.ch","isPartOf":{"@id":"https:\/\/daycrunch.ch\/de\/#website"},"datePublished":"2025-08-14T20:02:23+00:00","dateModified":"2026-02-08T11:28:27+00:00","breadcrumb":{"@id":"https:\/\/daycrunch.ch\/de\/standorte\/alba-haus\/#breadcrumb"},"inLanguage":"de","potentialAction":[{"@type":"ReadAction","target":["https:\/\/daycrunch.ch\/de\/standorte\/alba-haus\/"]}]},{"@type":"BreadcrumbList","@id":"https:\/\/daycrunch.ch\/de\/standorte\/alba-haus\/#breadcrumb","itemListElement":[{"@type":"ListItem","position":1,"name":"Startseite","item":"https:\/\/daycrunch.ch\/de\/"},{"@type":"ListItem","position":2,"name":"Standorte","item":"https:\/\/daycrunch.ch\/de\/standorte\/"},{"@type":"ListItem","position":3,"name":"Allschwil Alba Haus"}]},{"@type":"WebSite","@id":"https:\/\/daycrunch.ch\/de\/#website","url":"https:\/\/daycrunch.ch\/de\/","name":"daycrunch.ch","description":"Clean Untertitel","publisher":{"@id":"https:\/\/daycrunch.ch\/de\/#organization"},"potentialAction":[{"@type":"SearchAction","target":{"@type":"EntryPoint","urlTemplate":"https:\/\/daycrunch.ch\/de\/?s={search_term_string}"},"query-input":{"@type":"PropertyValueSpecification","valueRequired":true,"valueName":"search_term_string"}}],"inLanguage":"de"},{"@type":"Organization","@id":"https:\/\/daycrunch.ch\/de\/#organization","name":"daycrunch","url":"https:\/\/daycrunch.ch\/de\/","logo":{"@type":"ImageObject","inLanguage":"de","@id":"https:\/\/daycrunch.ch\/de\/#\/schema\/logo\/image\/","url":"https:\/\/daycrunch.ch\/daycrunch_website\/wp-content\/uploads\/2020\/03\/daycrunchlogo-wide-retina.png","contentUrl":"https:\/\/daycrunch.ch\/daycrunch_website\/wp-content\/uploads\/2020\/03\/daycrunchlogo-wide-retina.png","width":509,"height":100,"caption":"daycrunch"},"image":{"@id":"https:\/\/daycrunch.ch\/de\/#\/schema\/logo\/image\/"}}]}},"_links":{"self":[{"href":"https:\/\/daycrunch.ch\/de\/wp-json\/wp\/v2\/pages\/5304","targetHints":{"allow":["GET"]}}],"collection":[{"href":"https:\/\/daycrunch.ch\/de\/wp-json\/wp\/v2\/pages"}],"about":[{"href":"https:\/\/daycrunch.ch\/de\/wp-json\/wp\/v2\/types\/page"}],"author":[{"embeddable":true,"href":"https:\/\/daycrunch.ch\/de\/wp-json\/wp\/v2\/users\/5"}],"replies":[{"embeddable":true,"href":"https:\/\/daycrunch.ch\/de\/wp-json\/wp\/v2\/comments?post=5304"}],"version-history":[{"count":11,"href":"https:\/\/daycrunch.ch\/de\/wp-json\/wp\/v2\/pages\/5304\/revisions"}],"predecessor-version":[{"id":5335,"href":"https:\/\/daycrunch.ch\/de\/wp-json\/wp\/v2\/pages\/5304\/revisions\/5335"}],"up":[{"embeddable":true,"href":"https:\/\/daycrunch.ch\/de\/wp-json\/wp\/v2\/pages\/861"}],"wp:attachment":[{"href":"https:\/\/daycrunch.ch\/de\/wp-json\/wp\/v2\/media?parent=5304"}],"curies":[{"name":"wp","href":"https:\/\/api.w.org\/{rel}","templated":true}]}}