{"id":874,"date":"2020-01-14T18:06:00","date_gmt":"2020-01-14T17:06:00","guid":{"rendered":"https:\/\/daycrunch.ch\/daycrunch_website\/?page_id=874"},"modified":"2021-07-11T08:30:58","modified_gmt":"2021-07-11T06:30:58","slug":"ueber-uns","status":"publish","type":"page","link":"https:\/\/daycrunch.ch\/de\/ueber-uns\/","title":{"rendered":"\u00dcber uns"},"content":{"rendered":"<p><div class=\"fusion-fullwidth fullwidth-box fusion-builder-row-1 fusion-parallax-none hundred-percent-fullwidth non-hundred-percent-height-scrolling\" style=\"--awb-border-radius-top-left:0px;--awb-border-radius-top-right:0px;--awb-border-radius-bottom-right:0px;--awb-border-radius-bottom-left:0px;--awb-padding-top:240px;--awb-padding-bottom:240px;--awb-background-image:url(&quot;https:\/\/daycrunch.ch\/daycrunch_website\/wp-content\/uploads\/2020\/03\/13_ueber_uns_1200.jpg&quot;);--awb-background-size:cover;--awb-flex-wrap:wrap;\" ><div class=\"fusion-builder-row fusion-row\"><\/div><\/div><div class=\"fusion-fullwidth fullwidth-box fusion-builder-row-2 nonhundred-percent-fullwidth non-hundred-percent-height-scrolling\" style=\"--awb-background-position:left top;--awb-border-sizes-top:0px;--awb-border-sizes-bottom:0px;--awb-border-sizes-left:0px;--awb-border-sizes-right:0px;--awb-border-radius-top-left:0px;--awb-border-radius-top-right:0px;--awb-border-radius-bottom-right:0px;--awb-border-radius-bottom-left:0px;--awb-padding-top:2%;--awb-padding-bottom:40px;--awb-flex-wrap:wrap;\" ><div class=\"fusion-builder-row fusion-row\"><div class=\"fusion-layout-column fusion_builder_column fusion-builder-column-0 fusion_builder_column_1_1 1_1 fusion-one-full fusion-column-first fusion-column-last\" style=\"--awb-bg-size:cover;\"><div class=\"fusion-column-wrapper fusion-column-has-shadow fusion-flex-column-wrapper-legacy\"><div class=\"fusion-text fusion-text-1\"><h1>Making Space Work<\/h1>\n<\/div><div class=\"fusion-clearfix\"><\/div><\/div><\/div><div class=\"fusion-layout-column fusion_builder_column fusion-builder-column-1 fusion_builder_column_1_2 1_2 fusion-one-half fusion-column-first fusion-animated\" style=\"--awb-padding-top:20px;--awb-padding-bottom:20px;--awb-bg-size:cover;--awb-margin-top:20px;width:50%;width:calc(50% - ( ( 4% ) * 0.5 ) );margin-right: 4%;\" data-animationType=\"fadeInUp\" data-animationDuration=\"0.7\" data-animationOffset=\"top-into-view\"><div class=\"fusion-column-wrapper fusion-column-has-shadow fusion-flex-column-wrapper-legacy\"><div class=\"fusion-text fusion-text-2\"><p>Wir nutzen Digitalisierung, um Arbeitspl\u00e4tze, R\u00e4ume und B\u00fcrofl\u00e4chen automatisiert zu verwalten und zu fairen Konditionen nutzbar zu machen.<\/p>\n<p>Wir setzen dabei auf ein Raumkonzept, das klar zwischen exklusiv genutzten und gemeinsam geteilten Fl\u00e4chen unterscheidet und so Kosten und Nutzen optimiert.<\/p>\n<p>Wir sind pr\u00e4sent an Standorten, die verkehrsg\u00fcnstig gelegen sind, unseren Anspr\u00fcchen an eine zeitgem\u00e4sse Infrastruktur gen\u00fcgen und uns die Umsetzung unseres flexiblen Konzepts erm\u00f6glichen.<\/p>\n<p>Wir schaffen Rahmenbedingungen, in denen Kreativit\u00e4t, Leistung und gesch\u00e4ftlicher Erfolg m\u00f6glich werden.<\/p>\n<p>Wir sind <em>day<\/em>crunch.<\/p>\n<\/div><div class=\"fusion-clearfix\"><\/div><\/div><\/div><div class=\"fusion-layout-column fusion_builder_column fusion-builder-column-2 fusion_builder_column_1_2 1_2 fusion-one-half fusion-column-last\" style=\"--awb-bg-size:cover;--awb-margin-top:35px;--awb-margin-bottom:0px;width:50%;width:calc(50% - ( ( 4% ) * 0.5 ) );\"><div class=\"fusion-column-wrapper fusion-column-has-shadow fusion-flex-column-wrapper-legacy\"><div class=\"fusion-image-element fusion-image-align-center in-legacy-container\" style=\"text-align:center;--awb-caption-title-font-family:var(--h2_typography-font-family);--awb-caption-title-font-weight:var(--h2_typography-font-weight);--awb-caption-title-font-style:var(--h2_typography-font-style);--awb-caption-title-size:var(--h2_typography-font-size);--awb-caption-title-transform:var(--h2_typography-text-transform);--awb-caption-title-line-height:var(--h2_typography-line-height);--awb-caption-title-letter-spacing:var(--h2_typography-letter-spacing);\"><div class=\"imageframe-align-center\"><span class=\" fusion-imageframe imageframe-none imageframe-1 hover-type-none fusion-animated\" data-animationType=\"fadeInUp\" data-animationDuration=\"0.7\" data-animationOffset=\"top-into-view\"><img decoding=\"async\" width=\"600\" height=\"600\" title=\"13_UEBER_UNS_GIF_600x600\" src=\"https:\/\/daycrunch.ch\/daycrunch_website\/wp-content\/uploads\/2020\/03\/13_ueber_uns_gif_600x600.gif\" alt class=\"img-responsive wp-image-1149\"\/><\/span><\/div><\/div><div class=\"fusion-clearfix\"><\/div><\/div><\/div><\/div><\/div><div class=\"fusion-fullwidth fullwidth-box fusion-builder-row-3 nonhundred-percent-fullwidth non-hundred-percent-height-scrolling\" style=\"--awb-border-radius-top-left:0px;--awb-border-radius-top-right:0px;--awb-border-radius-bottom-right:0px;--awb-border-radius-bottom-left:0px;--awb-background-color:#efefef;--awb-flex-wrap:wrap;\" ><div class=\"fusion-builder-row fusion-row\"><div class=\"fusion-layout-column fusion_builder_column fusion-builder-column-3 fusion_builder_column_1_2 1_2 fusion-one-half fusion-column-first\" style=\"--awb-padding-top:60px;--awb-bg-size:cover;width:48%; margin-right: 4%;\"><div class=\"fusion-column-wrapper fusion-column-has-shadow fusion-flex-column-wrapper-legacy\"><div class=\"fusion-image-element in-legacy-container\" style=\"--awb-caption-title-font-family:var(--h2_typography-font-family);--awb-caption-title-font-weight:var(--h2_typography-font-weight);--awb-caption-title-font-style:var(--h2_typography-font-style);--awb-caption-title-size:var(--h2_typography-font-size);--awb-caption-title-transform:var(--h2_typography-text-transform);--awb-caption-title-line-height:var(--h2_typography-line-height);--awb-caption-title-letter-spacing:var(--h2_typography-letter-spacing);\"><span class=\" fusion-imageframe imageframe-none imageframe-2 hover-type-none\"><a class=\"fusion-no-lightbox\" href=\"https:\/\/performancebuildings.ch\" target=\"_blank\" aria-label=\"logo_performance_buildings_randlos\" rel=\"noopener noreferrer\"><img decoding=\"async\" width=\"9402\" height=\"1206\" src=\"https:\/\/daycrunch.ch\/daycrunch_website\/wp-content\/uploads\/2020\/03\/logo_performance_buildings_randlos.png\" alt class=\"img-responsive wp-image-1260\" srcset=\"https:\/\/daycrunch.ch\/daycrunch_website\/wp-content\/uploads\/2020\/03\/logo_performance_buildings_randlos-200x26.png 200w, https:\/\/daycrunch.ch\/daycrunch_website\/wp-content\/uploads\/2020\/03\/logo_performance_buildings_randlos-400x51.png 400w, https:\/\/daycrunch.ch\/daycrunch_website\/wp-content\/uploads\/2020\/03\/logo_performance_buildings_randlos-600x77.png 600w, https:\/\/daycrunch.ch\/daycrunch_website\/wp-content\/uploads\/2020\/03\/logo_performance_buildings_randlos-800x103.png 800w, https:\/\/daycrunch.ch\/daycrunch_website\/wp-content\/uploads\/2020\/03\/logo_performance_buildings_randlos-1200x154.png 1200w, https:\/\/daycrunch.ch\/daycrunch_website\/wp-content\/uploads\/2020\/03\/logo_performance_buildings_randlos.png 9402w\" sizes=\"(max-width: 800px) 100vw, 600px\" \/><\/a><\/span><\/div><div class=\"fusion-text fusion-text-3\"><p><strong>If smart is not enough<\/strong><\/p>\n<\/div><div class=\"fusion-clearfix\"><\/div><\/div><\/div><div class=\"fusion-layout-column fusion_builder_column fusion-builder-column-4 fusion_builder_column_1_1 1_1 fusion-one-full fusion-column-last\" style=\"--awb-bg-size:cover;\"><div class=\"fusion-column-wrapper fusion-column-has-shadow fusion-flex-column-wrapper-legacy\"><div class=\"fusion-sep-clear\"><\/div><div class=\"fusion-separator fusion-full-width-sep\" style=\"margin-left: auto;margin-right: auto;margin-top:30px;width:100%;\"><\/div><div class=\"fusion-sep-clear\"><\/div><div class=\"fusion-text fusion-text-4\"><h2><em>day<\/em>crunch ist unser Proof-of-Concept<\/h2>\n<\/div><div class=\"fusion-text fusion-text-5\"><p>Als Schweizer Technologieunternehmen haben wir uns der Automatisierung und Optimierung von Arbeitspl\u00e4tzen und B\u00fcrofl\u00e4chen verschrieben.<\/p>\n<p>Wir begegnen damit dem vergleichsweise geringen Wertzuwachs von B\u00fcrogeb\u00e4uden in IT-basierten Umgebungen. Gleichzeitig steigern wir die Effizienz von Prozessen im Bereich B\u00fcroarbeitspl\u00e4tze, Meetingorganisation und Besucherempfang. Wir machen Mitarbeiterkapazit\u00e4ten frei und reduzieren Kosten f\u00fcr Fl\u00e4chen, Heizung, K\u00fchlung, Reinigung und Unterhalt.<\/p>\n<p>Durch unsere eigene Technologie-L\u00f6sung k\u00f6nnen wir in Performance Buildings<sup>\u00ae<\/sup> zwei Prinzipien digitalisiert umsetzen:<\/p>\n<ul>\n<li><i><strong>Prozessautomation<\/strong><br \/>\n<\/i>den vorhandenen Raum effizienter nutzen<\/li>\n<li><i><strong>Nutzungsoptimierung<\/strong><br \/>\n<\/i>innerhalb und \u00fcber die Grenzen von verschiedenen Unternehmen hinweg R\u00e4umlichkeiten gemeinsam nutzen<\/li>\n<\/ul>\n<p>Sind Sie bereit, Ihr B\u00fcrogeb\u00e4ude neu zu definieren? Schaffen Sie mit uns gemeinsam mehr Nutzen mit weniger Raum.<\/p>\n<\/div><div class=\"fusion-clearfix\"><\/div><\/div><\/div><div class=\"fusion-layout-column fusion_builder_column fusion-builder-column-5 fusion_builder_column_1_1 1_1 fusion-one-full fusion-column-first fusion-column-last\" style=\"--awb-padding-bottom:90px;--awb-bg-size:cover;\"><div class=\"fusion-column-wrapper fusion-column-has-shadow fusion-flex-column-wrapper-legacy\"><div class=\"fusion-text fusion-text-6\"><p>Performance Buildings AG<br \/>\nNiklausstrasse 34<br \/>\n8105 Regensdorf<\/p>\n<p><a class=\"mail\" title=\"Opens window for sending email\" href=\"mailto:info@performancebuildings.ch\">info@performancebuildings.ch<\/a><\/p>\n<\/div><div class=\"fusion-clearfix\"><\/div><\/div><\/div><\/div><\/div><div class=\"fusion-fullwidth fullwidth-box fusion-builder-row-4 hundred-percent-fullwidth non-hundred-percent-height-scrolling\" style=\"--awb-border-radius-top-left:0px;--awb-border-radius-top-right:0px;--awb-border-radius-bottom-right:0px;--awb-border-radius-bottom-left:0px;--awb-flex-wrap:wrap;\" ><div class=\"fusion-builder-row fusion-row\"><div class=\"fusion-layout-column fusion_builder_column fusion-builder-column-6 fusion_builder_column_1_1 1_1 fusion-one-full fusion-column-first fusion-column-last\" style=\"--awb-bg-size:cover;\"><div class=\"fusion-column-wrapper fusion-column-has-shadow fusion-flex-column-wrapper-legacy\">\t\t\t\t\t<script type=\"text\/javascript\">\n\t\t\t\t\t\tvar map_fusion_map_69e1e7658d9be;\n\t\t\t\t\t\tvar markers = [];\n\t\t\t\t\t\tvar counter = 0;\n\t\t\t\t\t\t\t\t\t\t\t\t\t\t\t\t\t\t\t\tvar fusionMapNonce = 'a124cb7a2c';\n\t\t\t\t\t\t\t\t\t\t\t\tfunction fusion_run_map_fusion_map_69e1e7658d9be() {\n\t\t\t\t\t\t\tjQuery ('#fusion_map_69e1e7658d9be' ).fusion_maps( {\n\t\t\t\t\t\t\t\taddresses: [{\"address\":\"Grosspeteranlage 29, 4052 Basel \",\"infobox_content\":\"\",\"marker\":\"https:\\\/\\\/daycrunch.ch\\\/daycrunch_website\\\/wp-content\\\/uploads\\\/2020\\\/04\\\/daycrunch-map-icon.png\",\"coordinates\":false,\"cache\":true,\"latitude\":\"47.5449429\",\"longitude\":\"7.6023115\"},{\"address\":\" Cherstrasse 4, 8152 Glattbrugg-Opfikon \",\"infobox_content\":\" Cherstrasse 4, 8152 Glattbrugg-Opfikon \",\"marker\":\"https:\\\/\\\/daycrunch.ch\\\/daycrunch_website\\\/wp-content\\\/uploads\\\/2020\\\/04\\\/daycrunch-map-icon.png\",\"coordinates\":false,\"cache\":true,\"latitude\":\"47.433341\",\"longitude\":\"8.5592942\"},{\"address\":\" Hinterm\\u00e4ttlistrasse 3, 5506 M\\u00e4genwil \",\"infobox_content\":\" Hinterm\\u00e4ttlistrasse 3, 5506 M\\u00e4genwil \",\"marker\":\"https:\\\/\\\/daycrunch.ch\\\/daycrunch_website\\\/wp-content\\\/uploads\\\/2020\\\/04\\\/daycrunch-map-icon.png\",\"coordinates\":false,\"cache\":true,\"latitude\":\"47.41056469999999\",\"longitude\":\"8.2230486\"},{\"address\":\" S\\u00e4gereistrasse 10, 8152 Opfikon \",\"infobox_content\":\" S\\u00e4gereistrasse 10, 8152 Opfikon \",\"marker\":\"https:\\\/\\\/daycrunch.ch\\\/daycrunch_website\\\/wp-content\\\/uploads\\\/2020\\\/04\\\/daycrunch-map-icon.png\",\"coordinates\":false,\"cache\":true,\"latitude\":\"47.4313448\",\"longitude\":\"8.5607417\"},{\"address\":\" Av. de Rhodanie 40, 1007 Lausanne \",\"infobox_content\":\" Av. de Rhodanie 40, 1007 Lausanne \",\"marker\":\"https:\\\/\\\/daycrunch.ch\\\/daycrunch_website\\\/wp-content\\\/uploads\\\/2020\\\/04\\\/daycrunch-map-icon.png\",\"coordinates\":false,\"cache\":true,\"latitude\":\"46.5129013\",\"longitude\":\"6.6143728\"},{\"address\":\" St. Jakob-Strasse 54, 4052 Basel \",\"infobox_content\":\" St. Jakob-Strasse 54, 4052 Basel \",\"marker\":\"https:\\\/\\\/daycrunch.ch\\\/daycrunch_website\\\/wp-content\\\/uploads\\\/2020\\\/04\\\/daycrunch-map-icon.png\",\"coordinates\":false,\"cache\":true,\"latitude\":\"47.5484636\",\"longitude\":\"7.5975936\"},{\"address\":\" Lachenstrasse 1, 4123 Allschwil\",\"infobox_content\":\" Lachenstrasse 1, 4123 Allschwil\",\"marker\":\"https:\\\/\\\/daycrunch.ch\\\/daycrunch_website\\\/wp-content\\\/uploads\\\/2020\\\/04\\\/daycrunch-map-icon.png\",\"coordinates\":false,\"cache\":true,\"latitude\":\"47.56223010000001\",\"longitude\":\"7.555085500000001\"}],\n\t\t\t\t\t\t\t\tanimations: false,\n\t\t\t\t\t\t\t\tinfobox_background_color: '',\n\t\t\t\t\t\t\t\tinfobox_styling: 'default',\n\t\t\t\t\t\t\t\tinfobox_text_color: '',\n\t\t\t\t\t\t\t\tmap_style: 'custom',\n\t\t\t\t\t\t\t\tmap_type: 'roadmap',\n\t\t\t\t\t\t\t\tmarker_icon: 'https:\/\/daycrunch.ch\/daycrunch_website\/wp-content\/uploads\/2020\/04\/daycrunch-map-icon.png',\n\t\t\t\t\t\t\t\toverlay_color: '',\n\t\t\t\t\t\t\t\toverlay_color_hsl: {\"hue\":0,\"sat\":0,\"lum\":100},\n\t\t\t\t\t\t\t\tshow_address: true,\n\t\t\t\t\t\t\t\tscale_control: true,\n\t\t\t\t\t\t\t\tscrollwheel: true,\n\t\t\t\t\t\t\t\tzoom: 8,\n\t\t\t\t\t\t\t\tzoom_control: true,\n\t\t\t\t\t\t\t} );\n\t\t\t\t\t\t}\n\n\t\t\t\t\t\tgoogle.maps.event.addDomListener(window, 'load', fusion_run_map_fusion_map_69e1e7658d9be);\n\t\t\t\t\t<\/script>\n\t\t\t\t\t<div class=\"shortcode-map fusion-google-map fusion-maps-js-type\" id=\"fusion_map_69e1e7658d9be\"><\/div>\n<div class=\"fusion-clearfix\"><\/div><\/div><\/div><\/div><\/div>\n<\/p>\n","protected":false},"excerpt":{"rendered":"","protected":false},"author":5,"featured_media":0,"parent":0,"menu_order":0,"comment_status":"closed","ping_status":"closed","template":"100-width.php","meta":{"inline_featured_image":false,"footnotes":""},"class_list":["post-874","page","type-page","status-publish","hentry"],"yoast_head":"<!-- This site is optimized with the Yoast SEO plugin v26.8 - https:\/\/yoast.com\/product\/yoast-seo-wordpress\/ -->\n<title>Co-Working Space und R\u00e4ume in Z\u00fcrich und Basel- daycrunch.ch<\/title>\n<meta name=\"description\" content=\"Wir nutzen Digitalisierung, um Arbeitspl\u00e4tze, R\u00e4ume und B\u00fcrofl\u00e4chen automatisiert zu verwalten und zu fairen Konditionen nutzbar zu machen.\" \/>\n<meta name=\"robots\" content=\"index, follow, max-snippet:-1, max-image-preview:large, max-video-preview:-1\" \/>\n<link rel=\"canonical\" href=\"https:\/\/daycrunch.ch\/de\/ueber-uns\/\" \/>\n<meta property=\"og:locale\" content=\"de_DE\" \/>\n<meta property=\"og:type\" content=\"article\" \/>\n<meta property=\"og:title\" content=\"Co-Working Space und R\u00e4ume in Z\u00fcrich und Basel- daycrunch.ch\" \/>\n<meta property=\"og:description\" content=\"Wir nutzen Digitalisierung, um Arbeitspl\u00e4tze, R\u00e4ume und B\u00fcrofl\u00e4chen automatisiert zu verwalten und zu fairen Konditionen nutzbar zu machen.\" \/>\n<meta property=\"og:url\" content=\"https:\/\/daycrunch.ch\/de\/ueber-uns\/\" \/>\n<meta property=\"og:site_name\" content=\"daycrunch.ch\" \/>\n<meta property=\"article:modified_time\" content=\"2021-07-11T06:30:58+00:00\" \/>\n<meta name=\"twitter:card\" content=\"summary_large_image\" \/>\n<meta name=\"twitter:label1\" content=\"Gesch\u00e4tzte Lesezeit\" \/>\n\t<meta name=\"twitter:data1\" content=\"15\u00a0Minuten\" \/>\n<script type=\"application\/ld+json\" class=\"yoast-schema-graph\">{\"@context\":\"https:\/\/schema.org\",\"@graph\":[{\"@type\":\"WebPage\",\"@id\":\"https:\/\/daycrunch.ch\/de\/ueber-uns\/\",\"url\":\"https:\/\/daycrunch.ch\/de\/ueber-uns\/\",\"name\":\"Co-Working Space und R\u00e4ume in Z\u00fcrich und Basel- daycrunch.ch\",\"isPartOf\":{\"@id\":\"https:\/\/daycrunch.ch\/de\/#website\"},\"datePublished\":\"2020-01-14T17:06:00+00:00\",\"dateModified\":\"2021-07-11T06:30:58+00:00\",\"description\":\"Wir nutzen Digitalisierung, um Arbeitspl\u00e4tze, R\u00e4ume und B\u00fcrofl\u00e4chen automatisiert zu verwalten und zu fairen Konditionen nutzbar zu machen.\",\"breadcrumb\":{\"@id\":\"https:\/\/daycrunch.ch\/de\/ueber-uns\/#breadcrumb\"},\"inLanguage\":\"de\",\"potentialAction\":[{\"@type\":\"ReadAction\",\"target\":[\"https:\/\/daycrunch.ch\/de\/ueber-uns\/\"]}]},{\"@type\":\"BreadcrumbList\",\"@id\":\"https:\/\/daycrunch.ch\/de\/ueber-uns\/#breadcrumb\",\"itemListElement\":[{\"@type\":\"ListItem\",\"position\":1,\"name\":\"Startseite\",\"item\":\"https:\/\/daycrunch.ch\/de\/\"},{\"@type\":\"ListItem\",\"position\":2,\"name\":\"\u00dcber uns\"}]},{\"@type\":\"WebSite\",\"@id\":\"https:\/\/daycrunch.ch\/de\/#website\",\"url\":\"https:\/\/daycrunch.ch\/de\/\",\"name\":\"daycrunch.ch\",\"description\":\"Clean Untertitel\",\"publisher\":{\"@id\":\"https:\/\/daycrunch.ch\/de\/#organization\"},\"potentialAction\":[{\"@type\":\"SearchAction\",\"target\":{\"@type\":\"EntryPoint\",\"urlTemplate\":\"https:\/\/daycrunch.ch\/de\/?s={search_term_string}\"},\"query-input\":{\"@type\":\"PropertyValueSpecification\",\"valueRequired\":true,\"valueName\":\"search_term_string\"}}],\"inLanguage\":\"de\"},{\"@type\":\"Organization\",\"@id\":\"https:\/\/daycrunch.ch\/de\/#organization\",\"name\":\"daycrunch\",\"url\":\"https:\/\/daycrunch.ch\/de\/\",\"logo\":{\"@type\":\"ImageObject\",\"inLanguage\":\"de\",\"@id\":\"https:\/\/daycrunch.ch\/de\/#\/schema\/logo\/image\/\",\"url\":\"https:\/\/daycrunch.ch\/daycrunch_website\/wp-content\/uploads\/2020\/03\/daycrunchlogo-wide-retina.png\",\"contentUrl\":\"https:\/\/daycrunch.ch\/daycrunch_website\/wp-content\/uploads\/2020\/03\/daycrunchlogo-wide-retina.png\",\"width\":509,\"height\":100,\"caption\":\"daycrunch\"},\"image\":{\"@id\":\"https:\/\/daycrunch.ch\/de\/#\/schema\/logo\/image\/\"}}]}<\/script>\n<!-- \/ Yoast SEO plugin. -->","yoast_head_json":{"title":"Co-Working Space und R\u00e4ume in Z\u00fcrich und Basel- daycrunch.ch","description":"Wir nutzen Digitalisierung, um Arbeitspl\u00e4tze, R\u00e4ume und B\u00fcrofl\u00e4chen automatisiert zu verwalten und zu fairen Konditionen nutzbar zu machen.","robots":{"index":"index","follow":"follow","max-snippet":"max-snippet:-1","max-image-preview":"max-image-preview:large","max-video-preview":"max-video-preview:-1"},"canonical":"https:\/\/daycrunch.ch\/de\/ueber-uns\/","og_locale":"de_DE","og_type":"article","og_title":"Co-Working Space und R\u00e4ume in Z\u00fcrich und Basel- daycrunch.ch","og_description":"Wir nutzen Digitalisierung, um Arbeitspl\u00e4tze, R\u00e4ume und B\u00fcrofl\u00e4chen automatisiert zu verwalten und zu fairen Konditionen nutzbar zu machen.","og_url":"https:\/\/daycrunch.ch\/de\/ueber-uns\/","og_site_name":"daycrunch.ch","article_modified_time":"2021-07-11T06:30:58+00:00","twitter_card":"summary_large_image","twitter_misc":{"Gesch\u00e4tzte Lesezeit":"15\u00a0Minuten"},"schema":{"@context":"https:\/\/schema.org","@graph":[{"@type":"WebPage","@id":"https:\/\/daycrunch.ch\/de\/ueber-uns\/","url":"https:\/\/daycrunch.ch\/de\/ueber-uns\/","name":"Co-Working Space und R\u00e4ume in Z\u00fcrich und Basel- daycrunch.ch","isPartOf":{"@id":"https:\/\/daycrunch.ch\/de\/#website"},"datePublished":"2020-01-14T17:06:00+00:00","dateModified":"2021-07-11T06:30:58+00:00","description":"Wir nutzen Digitalisierung, um Arbeitspl\u00e4tze, R\u00e4ume und B\u00fcrofl\u00e4chen automatisiert zu verwalten und zu fairen Konditionen nutzbar zu machen.","breadcrumb":{"@id":"https:\/\/daycrunch.ch\/de\/ueber-uns\/#breadcrumb"},"inLanguage":"de","potentialAction":[{"@type":"ReadAction","target":["https:\/\/daycrunch.ch\/de\/ueber-uns\/"]}]},{"@type":"BreadcrumbList","@id":"https:\/\/daycrunch.ch\/de\/ueber-uns\/#breadcrumb","itemListElement":[{"@type":"ListItem","position":1,"name":"Startseite","item":"https:\/\/daycrunch.ch\/de\/"},{"@type":"ListItem","position":2,"name":"\u00dcber uns"}]},{"@type":"WebSite","@id":"https:\/\/daycrunch.ch\/de\/#website","url":"https:\/\/daycrunch.ch\/de\/","name":"daycrunch.ch","description":"Clean Untertitel","publisher":{"@id":"https:\/\/daycrunch.ch\/de\/#organization"},"potentialAction":[{"@type":"SearchAction","target":{"@type":"EntryPoint","urlTemplate":"https:\/\/daycrunch.ch\/de\/?s={search_term_string}"},"query-input":{"@type":"PropertyValueSpecification","valueRequired":true,"valueName":"search_term_string"}}],"inLanguage":"de"},{"@type":"Organization","@id":"https:\/\/daycrunch.ch\/de\/#organization","name":"daycrunch","url":"https:\/\/daycrunch.ch\/de\/","logo":{"@type":"ImageObject","inLanguage":"de","@id":"https:\/\/daycrunch.ch\/de\/#\/schema\/logo\/image\/","url":"https:\/\/daycrunch.ch\/daycrunch_website\/wp-content\/uploads\/2020\/03\/daycrunchlogo-wide-retina.png","contentUrl":"https:\/\/daycrunch.ch\/daycrunch_website\/wp-content\/uploads\/2020\/03\/daycrunchlogo-wide-retina.png","width":509,"height":100,"caption":"daycrunch"},"image":{"@id":"https:\/\/daycrunch.ch\/de\/#\/schema\/logo\/image\/"}}]}},"_links":{"self":[{"href":"https:\/\/daycrunch.ch\/de\/wp-json\/wp\/v2\/pages\/874","targetHints":{"allow":["GET"]}}],"collection":[{"href":"https:\/\/daycrunch.ch\/de\/wp-json\/wp\/v2\/pages"}],"about":[{"href":"https:\/\/daycrunch.ch\/de\/wp-json\/wp\/v2\/types\/page"}],"author":[{"embeddable":true,"href":"https:\/\/daycrunch.ch\/de\/wp-json\/wp\/v2\/users\/5"}],"replies":[{"embeddable":true,"href":"https:\/\/daycrunch.ch\/de\/wp-json\/wp\/v2\/comments?post=874"}],"version-history":[{"count":72,"href":"https:\/\/daycrunch.ch\/de\/wp-json\/wp\/v2\/pages\/874\/revisions"}],"predecessor-version":[{"id":3565,"href":"https:\/\/daycrunch.ch\/de\/wp-json\/wp\/v2\/pages\/874\/revisions\/3565"}],"wp:attachment":[{"href":"https:\/\/daycrunch.ch\/de\/wp-json\/wp\/v2\/media?parent=874"}],"curies":[{"name":"wp","href":"https:\/\/api.w.org\/{rel}","templated":true}]}}